{"id":3969,"date":"2023-02-10T15:54:20","date_gmt":"2023-02-10T15:54:20","guid":{"rendered":"https:\/\/lesboisheritage.dev2.inter-vision.ca\/meubles-sur-mesures-en-pin\/"},"modified":"2023-03-27T18:23:46","modified_gmt":"2023-03-27T18:23:46","slug":"pine-custom-made-furniture","status":"publish","type":"page","link":"https:\/\/www.lesboisheritage.com\/en\/pine-custom-made-furniture\/","title":{"rendered":"Pine Custom Made Furniture"},"content":{"rendered":"<div class=\"wpb-content-wrapper\"><p>[vc_row][vc_column]\r\n\r\r\n\r\r\n<div class=\"doors_empty_space\" data-heightmobile=\"32\" data-heighttablet=\"32\" data-heightdesktop=\"32\">\r\r\n\r\r\n<\/div>\r\r\n      \r\r\n\r\r\n\r\r\n\r\r\n        \r\r\n      \r\r\n    [vc_single_image image=&#8221;3796&#8243; img_size=&#8221;850&#215;500&#8243; css=&#8221;.vc_custom_1676314494516{margin-bottom: 30px !important;}&#8221;]\t\t<div class=\"wd-heading  text-left text-left\" >\r\n\t\t\t\r\n      \r\n      <h3 style=\"margin:0;\" >\r\n\t\t\t\t\tPINE CUSTOM MADE FURNITURE\t\t\t\t<\/h3>\r\n\r\n        <div style='margin-top: 15px;'><\/div>      \r\n      \r\n      \r\n    \t\t<\/div>\r\n\r\n\t\t[vc_column_text]Looking for a cabinet, a kitchen table, bathroom furniture, a bed base or custom-made furniture?<br \/>\nWell, we can help you!<\/p>\n<p>Come and discuss with us and we will find a way to help you with your project.[\/vc_column_text][\/vc_column][vc_column][\/vc_column][\/vc_row][vc_row][vc_column][vc_column_text]<\/p>\n<p>[\/vc_column_text][\/vc_column][\/vc_row]<\/p>\n<\/div>","protected":false},"excerpt":{"rendered":"<p>[vc_row][vc_column][vc_single_image image=&#8221;3796&#8243; img_size=&#8221;850&#215;500&#8243; css=&#8221;.vc_custom_1676314494516{margin-bottom: 30px !important;}&#8221;][vc_column_text]Looking for a cabinet, a kitchen table, bathroom furniture, a bed base or custom-made furniture? Well, we can help you! Come and discuss with us and we will find a way to help you with your project.[\/vc_column_text][\/vc_column][vc_column][\/vc_column][\/vc_row][vc_row][vc_column][vc_column_text] [\/vc_column_text][\/vc_column][\/vc_row]<\/p>\n","protected":false},"author":1,"featured_media":0,"parent":0,"menu_order":0,"comment_status":"closed","ping_status":"closed","template":"page-template\/left-sidebar.php","meta":{"footnotes":""},"class_list":["post-3969","page","type-page","status-publish","hentry"],"yoast_head":"<!-- This site is optimized with the Yoast SEO plugin v27.4 - https:\/\/yoast.com\/product\/yoast-seo-wordpress\/ -->\n<title>Pine Custom Made Furniture - Les bois H\u00e9ritage<\/title>\n<meta name=\"robots\" content=\"index, follow, max-snippet:-1, max-image-preview:large, max-video-preview:-1\" \/>\n<link rel=\"canonical\" href=\"https:\/\/www.lesboisheritage.com\/en\/pine-custom-made-furniture\/\" \/>\n<meta property=\"og:locale\" content=\"en_US\" \/>\n<meta property=\"og:type\" content=\"article\" \/>\n<meta property=\"og:title\" content=\"Pine Custom Made Furniture - Les bois H\u00e9ritage\" \/>\n<meta property=\"og:description\" content=\"[vc_row][vc_column][vc_single_image image=&#8221;3796&#8243; img_size=&#8221;850&#215;500&#8243; css=&#8221;.vc_custom_1676314494516{margin-bottom: 30px !important;}&#8221;][vc_column_text]Looking for a cabinet, a kitchen table, bathroom furniture, a bed base or custom-made furniture? Well, we can help you! Come and discuss with us and we will find a way to help you with your project.[\/vc_column_text][\/vc_column][vc_column][\/vc_column][\/vc_row][vc_row][vc_column][vc_column_text] [\/vc_column_text][\/vc_column][\/vc_row]\" \/>\n<meta property=\"og:url\" content=\"https:\/\/www.lesboisheritage.com\/en\/pine-custom-made-furniture\/\" \/>\n<meta property=\"og:site_name\" content=\"Les bois H\u00e9ritage\" \/>\n<meta property=\"article:publisher\" content=\"https:\/\/www.facebook.com\/profile.php?id=100057078505525&amp;locale=fr_CA\" \/>\n<meta property=\"article:modified_time\" content=\"2023-03-27T18:23:46+00:00\" \/>\n<meta name=\"twitter:card\" content=\"summary_large_image\" \/>\n<meta name=\"twitter:label1\" content=\"Est. reading time\" \/>\n\t<meta name=\"twitter:data1\" content=\"1 minute\" \/>\n<script type=\"application\/ld+json\" class=\"yoast-schema-graph\">{\"@context\":\"https:\\\/\\\/schema.org\",\"@graph\":[{\"@type\":\"WebPage\",\"@id\":\"https:\\\/\\\/www.lesboisheritage.com\\\/en\\\/pine-custom-made-furniture\\\/\",\"url\":\"https:\\\/\\\/www.lesboisheritage.com\\\/en\\\/pine-custom-made-furniture\\\/\",\"name\":\"Pine Custom Made Furniture - Les bois H\u00e9ritage\",\"isPartOf\":{\"@id\":\"https:\\\/\\\/www.lesboisheritage.com\\\/en\\\/#website\"},\"datePublished\":\"2023-02-10T15:54:20+00:00\",\"dateModified\":\"2023-03-27T18:23:46+00:00\",\"breadcrumb\":{\"@id\":\"https:\\\/\\\/www.lesboisheritage.com\\\/en\\\/pine-custom-made-furniture\\\/#breadcrumb\"},\"inLanguage\":\"en-US\",\"potentialAction\":[{\"@type\":\"ReadAction\",\"target\":[\"https:\\\/\\\/www.lesboisheritage.com\\\/en\\\/pine-custom-made-furniture\\\/\"]}]},{\"@type\":\"BreadcrumbList\",\"@id\":\"https:\\\/\\\/www.lesboisheritage.com\\\/en\\\/pine-custom-made-furniture\\\/#breadcrumb\",\"itemListElement\":[{\"@type\":\"ListItem\",\"position\":1,\"name\":\"Home\",\"item\":\"https:\\\/\\\/www.lesboisheritage.com\\\/en\\\/home\\\/\"},{\"@type\":\"ListItem\",\"position\":2,\"name\":\"Pine Custom Made Furniture\"}]},{\"@type\":\"WebSite\",\"@id\":\"https:\\\/\\\/www.lesboisheritage.com\\\/en\\\/#website\",\"url\":\"https:\\\/\\\/www.lesboisheritage.com\\\/en\\\/\",\"name\":\"Les Bois H\u00e9ritage | Sp\u00e9cialiste de Prin Rouge, Lambris, Moulures et plancher de pin rustique\",\"description\":\"Sp\u00e9cialiste du Pin\",\"publisher\":{\"@id\":\"https:\\\/\\\/www.lesboisheritage.com\\\/en\\\/#organization\"},\"alternateName\":\"Red Pine Specialist\",\"potentialAction\":[{\"@type\":\"SearchAction\",\"target\":{\"@type\":\"EntryPoint\",\"urlTemplate\":\"https:\\\/\\\/www.lesboisheritage.com\\\/en\\\/?s={search_term_string}\"},\"query-input\":{\"@type\":\"PropertyValueSpecification\",\"valueRequired\":true,\"valueName\":\"search_term_string\"}}],\"inLanguage\":\"en-US\"},{\"@type\":\"Organization\",\"@id\":\"https:\\\/\\\/www.lesboisheritage.com\\\/en\\\/#organization\",\"name\":\"Les Bois H\u00e9ritage | Sp\u00e9cialiste de Prin Rouge, Lambris, Moulures et plancher de pin rustique\",\"alternateName\":\"Les Bois H\u00e9ritage | Sp\u00e9cialiste de Prin Rouge, Lambris, Moulures et plancher de pin rustique\",\"url\":\"https:\\\/\\\/www.lesboisheritage.com\\\/en\\\/\",\"logo\":{\"@type\":\"ImageObject\",\"inLanguage\":\"en-US\",\"@id\":\"https:\\\/\\\/www.lesboisheritage.com\\\/en\\\/#\\\/schema\\\/logo\\\/image\\\/\",\"url\":\"https:\\\/\\\/www.lesboisheritage.com\\\/wp-content\\\/uploads\\\/2014\\\/08\\\/Untitled-1-2.png\",\"contentUrl\":\"https:\\\/\\\/www.lesboisheritage.com\\\/wp-content\\\/uploads\\\/2014\\\/08\\\/Untitled-1-2.png\",\"width\":228,\"height\":120,\"caption\":\"Les Bois H\u00e9ritage | Sp\u00e9cialiste de Prin Rouge, Lambris, Moulures et plancher de pin rustique\"},\"image\":{\"@id\":\"https:\\\/\\\/www.lesboisheritage.com\\\/en\\\/#\\\/schema\\\/logo\\\/image\\\/\"},\"sameAs\":[\"https:\\\/\\\/www.facebook.com\\\/profile.php?id=100057078505525&locale=fr_CA\"]}]}<\/script>\n<!-- \/ Yoast SEO plugin. -->","yoast_head_json":{"title":"Pine Custom Made Furniture - Les bois H\u00e9ritage","robots":{"index":"index","follow":"follow","max-snippet":"max-snippet:-1","max-image-preview":"max-image-preview:large","max-video-preview":"max-video-preview:-1"},"canonical":"https:\/\/www.lesboisheritage.com\/en\/pine-custom-made-furniture\/","og_locale":"en_US","og_type":"article","og_title":"Pine Custom Made Furniture - Les bois H\u00e9ritage","og_description":"[vc_row][vc_column][vc_single_image image=&#8221;3796&#8243; img_size=&#8221;850&#215;500&#8243; css=&#8221;.vc_custom_1676314494516{margin-bottom: 30px !important;}&#8221;][vc_column_text]Looking for a cabinet, a kitchen table, bathroom furniture, a bed base or custom-made furniture? Well, we can help you! Come and discuss with us and we will find a way to help you with your project.[\/vc_column_text][\/vc_column][vc_column][\/vc_column][\/vc_row][vc_row][vc_column][vc_column_text] [\/vc_column_text][\/vc_column][\/vc_row]","og_url":"https:\/\/www.lesboisheritage.com\/en\/pine-custom-made-furniture\/","og_site_name":"Les bois H\u00e9ritage","article_publisher":"https:\/\/www.facebook.com\/profile.php?id=100057078505525&locale=fr_CA","article_modified_time":"2023-03-27T18:23:46+00:00","twitter_card":"summary_large_image","twitter_misc":{"Est. reading time":"1 minute"},"schema":{"@context":"https:\/\/schema.org","@graph":[{"@type":"WebPage","@id":"https:\/\/www.lesboisheritage.com\/en\/pine-custom-made-furniture\/","url":"https:\/\/www.lesboisheritage.com\/en\/pine-custom-made-furniture\/","name":"Pine Custom Made Furniture - Les bois H\u00e9ritage","isPartOf":{"@id":"https:\/\/www.lesboisheritage.com\/en\/#website"},"datePublished":"2023-02-10T15:54:20+00:00","dateModified":"2023-03-27T18:23:46+00:00","breadcrumb":{"@id":"https:\/\/www.lesboisheritage.com\/en\/pine-custom-made-furniture\/#breadcrumb"},"inLanguage":"en-US","potentialAction":[{"@type":"ReadAction","target":["https:\/\/www.lesboisheritage.com\/en\/pine-custom-made-furniture\/"]}]},{"@type":"BreadcrumbList","@id":"https:\/\/www.lesboisheritage.com\/en\/pine-custom-made-furniture\/#breadcrumb","itemListElement":[{"@type":"ListItem","position":1,"name":"Home","item":"https:\/\/www.lesboisheritage.com\/en\/home\/"},{"@type":"ListItem","position":2,"name":"Pine Custom Made Furniture"}]},{"@type":"WebSite","@id":"https:\/\/www.lesboisheritage.com\/en\/#website","url":"https:\/\/www.lesboisheritage.com\/en\/","name":"Les Bois H\u00e9ritage | Sp\u00e9cialiste de Prin Rouge, Lambris, Moulures et plancher de pin rustique","description":"Sp\u00e9cialiste du Pin","publisher":{"@id":"https:\/\/www.lesboisheritage.com\/en\/#organization"},"alternateName":"Red Pine Specialist","potentialAction":[{"@type":"SearchAction","target":{"@type":"EntryPoint","urlTemplate":"https:\/\/www.lesboisheritage.com\/en\/?s={search_term_string}"},"query-input":{"@type":"PropertyValueSpecification","valueRequired":true,"valueName":"search_term_string"}}],"inLanguage":"en-US"},{"@type":"Organization","@id":"https:\/\/www.lesboisheritage.com\/en\/#organization","name":"Les Bois H\u00e9ritage | Sp\u00e9cialiste de Prin Rouge, Lambris, Moulures et plancher de pin rustique","alternateName":"Les Bois H\u00e9ritage | Sp\u00e9cialiste de Prin Rouge, Lambris, Moulures et plancher de pin rustique","url":"https:\/\/www.lesboisheritage.com\/en\/","logo":{"@type":"ImageObject","inLanguage":"en-US","@id":"https:\/\/www.lesboisheritage.com\/en\/#\/schema\/logo\/image\/","url":"https:\/\/www.lesboisheritage.com\/wp-content\/uploads\/2014\/08\/Untitled-1-2.png","contentUrl":"https:\/\/www.lesboisheritage.com\/wp-content\/uploads\/2014\/08\/Untitled-1-2.png","width":228,"height":120,"caption":"Les Bois H\u00e9ritage | Sp\u00e9cialiste de Prin Rouge, Lambris, Moulures et plancher de pin rustique"},"image":{"@id":"https:\/\/www.lesboisheritage.com\/en\/#\/schema\/logo\/image\/"},"sameAs":["https:\/\/www.facebook.com\/profile.php?id=100057078505525&locale=fr_CA"]}]}},"_links":{"self":[{"href":"https:\/\/www.lesboisheritage.com\/en\/wp-json\/wp\/v2\/pages\/3969","targetHints":{"allow":["GET"]}}],"collection":[{"href":"https:\/\/www.lesboisheritage.com\/en\/wp-json\/wp\/v2\/pages"}],"about":[{"href":"https:\/\/www.lesboisheritage.com\/en\/wp-json\/wp\/v2\/types\/page"}],"author":[{"embeddable":true,"href":"https:\/\/www.lesboisheritage.com\/en\/wp-json\/wp\/v2\/users\/1"}],"replies":[{"embeddable":true,"href":"https:\/\/www.lesboisheritage.com\/en\/wp-json\/wp\/v2\/comments?post=3969"}],"version-history":[{"count":5,"href":"https:\/\/www.lesboisheritage.com\/en\/wp-json\/wp\/v2\/pages\/3969\/revisions"}],"predecessor-version":[{"id":4180,"href":"https:\/\/www.lesboisheritage.com\/en\/wp-json\/wp\/v2\/pages\/3969\/revisions\/4180"}],"wp:attachment":[{"href":"https:\/\/www.lesboisheritage.com\/en\/wp-json\/wp\/v2\/media?parent=3969"}],"curies":[{"name":"wp","href":"https:\/\/api.w.org\/{rel}","templated":true}]}}