{"id":3984,"date":"2023-02-10T15:56:57","date_gmt":"2023-02-10T15:56:57","guid":{"rendered":"https:\/\/lesboisheritage.dev2.inter-vision.ca\/planchers-de-pin\/"},"modified":"2023-03-27T18:24:58","modified_gmt":"2023-03-27T18:24:58","slug":"pine-flooring","status":"publish","type":"page","link":"https:\/\/www.lesboisheritage.com\/en\/pine-flooring\/","title":{"rendered":"Pine Flooring"},"content":{"rendered":"<div class=\"wpb-content-wrapper\"><p>[vc_row][vc_column]\r\n\r\r\n\r\r\n<div class=\"doors_empty_space\" data-heightmobile=\"32\" data-heighttablet=\"32\" data-heightdesktop=\"32\">\r\r\n\r\r\n<\/div>\r\r\n      \r\r\n\r\r\n\r\r\n\r\r\n        \r\r\n      \r\r\n    [vc_single_image image=&#8221;3808&#8243; img_size=&#8221;850&#215;500&#8243; css=&#8221;.vc_custom_1676314823287{margin-bottom: 30px !important;}&#8221;]\t\t<div class=\"wd-heading  text-left text-left\" >\r\n\t\t\t\r\n      \r\n      <h3 style=\"margin:0;\" >\r\n\t\t\t\t\tPINE FLOORING\t\t\t\t<\/h3>\r\n\r\n        <div style='margin-top: 15px;'><\/div>      \r\n      \r\n      \r\n    \t\t<\/div>\r\n\r\n\t\t[vc_column_text]<strong>A different, warm-looking floor, much more resistant than you would believe! A red pine floor (Red Pine: Pinus resinosa) is more resistant than most people believe. &#8221; Visit the Janka* site to view the results of their hardness test.<br \/>\n<\/strong><a href=\"http:\/\/www.countyfloors.com\/about_janka.html\" target=\"_blank\" rel=\"noopener\"><strong>Click here to consult the <\/strong><strong>Janka scale<\/strong><\/a><\/p>\n<p><strong>Janka Hardness Scale for Wood Flooring Species<\/strong><\/p>\n<p>We manufacture over two million square feet of red pine flooring per year. Available widths range from 4 to 12 inches. Thickness is \u00be inch. All our flooring boards are reversibles and require no sanding. We also make 2 x 6 flooring for log homes (all-in-one floor and ceiling, 1 3\/8 thick). Board lengths vary from 6 to 16 feet. All our flooring boards have a 6 to 8% moisture content.<\/p>\n<p>We also offer grade B quality. These are the same type of boards except for missing knots or defects on the sides. After cutting, they will be easier to fix as the boards will be shorter. They will look like the floor of an old-time general store![\/vc_column_text][\/vc_column][\/vc_row][vc_row][vc_column offset=&#8221;vc_hidden-lg vc_hidden-md vc_hidden-sm vc_hidden-xs&#8221;][vc_tta_accordion][vc_tta_section title=&#8221;How I can contact you?&#8221; tab_id=&#8221;1463410758631-13de9355-87ee9042-f615&#8243;][vc_column_text]Lorem ipsum dolor sit amet, facilisi sententiae delicatissimi et vix, suscipit splendide constituto ex eum. Ullum repudiandae vix no. Pri et ludus animal, voluptua urbanitas persequeris has cu, ut per solum explicari. Ei per placerat persequeris, sit te everti mentitum offendit, nec ei duis gloriatur. Eu explicari hendrerit concludaturque nec.[\/vc_column_text][\/vc_tta_section][vc_tta_section title=&#8221;How I can get the list of your products?&#8221; tab_id=&#8221;1463410804250-3be69663-44ba9042-f615&#8243;][vc_column_text]An quo homero tamquam scripserit, usu elaboraret percipitur delicatissimi et, eirmod detracto nam te. Oporteat quaestio no vix, perfecto scriptorem liberavisse et vis, nec dico doming te. Vel ex idque denique complectitur. Modo viderer accommodare eu ius. Numquam percipit apeirian usu ei.[\/vc_column_text][\/vc_tta_section][vc_tta_section title=&#8221;Who are your industrial partners?&#8221; tab_id=&#8221;1463410802349-52275769-1e079042-f615&#8243;][vc_column_text]No duo nostrud postulant conclusionemque, an graeco fierent omittam cum, eu mei inimicus tractatos. Zril nostrud aliquando est cu. Agam sonet disputando sea cu, consul noster civibus an eum. Pri te iudicabit neglegentur. Te meliore intellegebat qui. Deserunt petentium et sea.[\/vc_column_text][\/vc_tta_section][\/vc_tta_accordion][\/vc_column][\/vc_row]<\/p>\n<\/div>","protected":false},"excerpt":{"rendered":"<p>[vc_row][vc_column][vc_single_image image=&#8221;3808&#8243; img_size=&#8221;850&#215;500&#8243; css=&#8221;.vc_custom_1676314823287{margin-bottom: 30px !important;}&#8221;][vc_column_text]A different, warm-looking floor, much more resistant than you would believe! A red pine floor (Red Pine: Pinus resinosa) is more resistant than most people believe. &#8221; Visit the Janka* site to view the results of their hardness test. Click here to consult the Janka scale Janka Hardness Scale for [&hellip;]<\/p>\n","protected":false},"author":1,"featured_media":0,"parent":0,"menu_order":0,"comment_status":"closed","ping_status":"closed","template":"page-template\/left-sidebar.php","meta":{"footnotes":""},"class_list":["post-3984","page","type-page","status-publish","hentry"],"yoast_head":"<!-- This site is optimized with the Yoast SEO plugin v27.3 - https:\/\/yoast.com\/product\/yoast-seo-wordpress\/ -->\n<title>Pine Flooring - Les bois H\u00e9ritage<\/title>\n<meta name=\"robots\" content=\"index, follow, max-snippet:-1, max-image-preview:large, max-video-preview:-1\" \/>\n<link rel=\"canonical\" href=\"https:\/\/www.lesboisheritage.com\/en\/pine-flooring\/\" \/>\n<meta property=\"og:locale\" content=\"en_US\" \/>\n<meta property=\"og:type\" content=\"article\" \/>\n<meta property=\"og:title\" content=\"Pine Flooring - Les bois H\u00e9ritage\" \/>\n<meta property=\"og:description\" content=\"[vc_row][vc_column][vc_single_image image=&#8221;3808&#8243; img_size=&#8221;850&#215;500&#8243; css=&#8221;.vc_custom_1676314823287{margin-bottom: 30px !important;}&#8221;][vc_column_text]A different, warm-looking floor, much more resistant than you would believe! A red pine floor (Red Pine: Pinus resinosa) is more resistant than most people believe. &#8221; Visit the Janka* site to view the results of their hardness test. Click here to consult the Janka scale Janka Hardness Scale for [&hellip;]\" \/>\n<meta property=\"og:url\" content=\"https:\/\/www.lesboisheritage.com\/en\/pine-flooring\/\" \/>\n<meta property=\"og:site_name\" content=\"Les bois H\u00e9ritage\" \/>\n<meta property=\"article:publisher\" content=\"https:\/\/www.facebook.com\/profile.php?id=100057078505525&amp;locale=fr_CA\" \/>\n<meta property=\"article:modified_time\" content=\"2023-03-27T18:24:58+00:00\" \/>\n<meta name=\"twitter:card\" content=\"summary_large_image\" \/>\n<meta name=\"twitter:label1\" content=\"Est. reading time\" \/>\n\t<meta name=\"twitter:data1\" content=\"2 minutes\" \/>\n<script type=\"application\/ld+json\" class=\"yoast-schema-graph\">{\"@context\":\"https:\\\/\\\/schema.org\",\"@graph\":[{\"@type\":\"WebPage\",\"@id\":\"https:\\\/\\\/www.lesboisheritage.com\\\/en\\\/pine-flooring\\\/\",\"url\":\"https:\\\/\\\/www.lesboisheritage.com\\\/en\\\/pine-flooring\\\/\",\"name\":\"Pine Flooring - Les bois H\u00e9ritage\",\"isPartOf\":{\"@id\":\"https:\\\/\\\/www.lesboisheritage.com\\\/en\\\/#website\"},\"datePublished\":\"2023-02-10T15:56:57+00:00\",\"dateModified\":\"2023-03-27T18:24:58+00:00\",\"breadcrumb\":{\"@id\":\"https:\\\/\\\/www.lesboisheritage.com\\\/en\\\/pine-flooring\\\/#breadcrumb\"},\"inLanguage\":\"en-US\",\"potentialAction\":[{\"@type\":\"ReadAction\",\"target\":[\"https:\\\/\\\/www.lesboisheritage.com\\\/en\\\/pine-flooring\\\/\"]}]},{\"@type\":\"BreadcrumbList\",\"@id\":\"https:\\\/\\\/www.lesboisheritage.com\\\/en\\\/pine-flooring\\\/#breadcrumb\",\"itemListElement\":[{\"@type\":\"ListItem\",\"position\":1,\"name\":\"Home\",\"item\":\"https:\\\/\\\/www.lesboisheritage.com\\\/en\\\/home\\\/\"},{\"@type\":\"ListItem\",\"position\":2,\"name\":\"Pine Flooring\"}]},{\"@type\":\"WebSite\",\"@id\":\"https:\\\/\\\/www.lesboisheritage.com\\\/en\\\/#website\",\"url\":\"https:\\\/\\\/www.lesboisheritage.com\\\/en\\\/\",\"name\":\"Les Bois H\u00e9ritage | Sp\u00e9cialiste de Prin Rouge, Lambris, Moulures et plancher de pin rustique\",\"description\":\"Sp\u00e9cialiste du Pin\",\"publisher\":{\"@id\":\"https:\\\/\\\/www.lesboisheritage.com\\\/en\\\/#organization\"},\"alternateName\":\"Red Pine Specialist\",\"potentialAction\":[{\"@type\":\"SearchAction\",\"target\":{\"@type\":\"EntryPoint\",\"urlTemplate\":\"https:\\\/\\\/www.lesboisheritage.com\\\/en\\\/?s={search_term_string}\"},\"query-input\":{\"@type\":\"PropertyValueSpecification\",\"valueRequired\":true,\"valueName\":\"search_term_string\"}}],\"inLanguage\":\"en-US\"},{\"@type\":\"Organization\",\"@id\":\"https:\\\/\\\/www.lesboisheritage.com\\\/en\\\/#organization\",\"name\":\"Les Bois H\u00e9ritage | Sp\u00e9cialiste de Prin Rouge, Lambris, Moulures et plancher de pin rustique\",\"alternateName\":\"Les Bois H\u00e9ritage | Sp\u00e9cialiste de Prin Rouge, Lambris, Moulures et plancher de pin rustique\",\"url\":\"https:\\\/\\\/www.lesboisheritage.com\\\/en\\\/\",\"logo\":{\"@type\":\"ImageObject\",\"inLanguage\":\"en-US\",\"@id\":\"https:\\\/\\\/www.lesboisheritage.com\\\/en\\\/#\\\/schema\\\/logo\\\/image\\\/\",\"url\":\"https:\\\/\\\/www.lesboisheritage.com\\\/wp-content\\\/uploads\\\/2014\\\/08\\\/Untitled-1-2.png\",\"contentUrl\":\"https:\\\/\\\/www.lesboisheritage.com\\\/wp-content\\\/uploads\\\/2014\\\/08\\\/Untitled-1-2.png\",\"width\":228,\"height\":120,\"caption\":\"Les Bois H\u00e9ritage | Sp\u00e9cialiste de Prin Rouge, Lambris, Moulures et plancher de pin rustique\"},\"image\":{\"@id\":\"https:\\\/\\\/www.lesboisheritage.com\\\/en\\\/#\\\/schema\\\/logo\\\/image\\\/\"},\"sameAs\":[\"https:\\\/\\\/www.facebook.com\\\/profile.php?id=100057078505525&locale=fr_CA\"]}]}<\/script>\n<!-- \/ Yoast SEO plugin. -->","yoast_head_json":{"title":"Pine Flooring - Les bois H\u00e9ritage","robots":{"index":"index","follow":"follow","max-snippet":"max-snippet:-1","max-image-preview":"max-image-preview:large","max-video-preview":"max-video-preview:-1"},"canonical":"https:\/\/www.lesboisheritage.com\/en\/pine-flooring\/","og_locale":"en_US","og_type":"article","og_title":"Pine Flooring - Les bois H\u00e9ritage","og_description":"[vc_row][vc_column][vc_single_image image=&#8221;3808&#8243; img_size=&#8221;850&#215;500&#8243; css=&#8221;.vc_custom_1676314823287{margin-bottom: 30px !important;}&#8221;][vc_column_text]A different, warm-looking floor, much more resistant than you would believe! A red pine floor (Red Pine: Pinus resinosa) is more resistant than most people believe. &#8221; Visit the Janka* site to view the results of their hardness test. Click here to consult the Janka scale Janka Hardness Scale for [&hellip;]","og_url":"https:\/\/www.lesboisheritage.com\/en\/pine-flooring\/","og_site_name":"Les bois H\u00e9ritage","article_publisher":"https:\/\/www.facebook.com\/profile.php?id=100057078505525&locale=fr_CA","article_modified_time":"2023-03-27T18:24:58+00:00","twitter_card":"summary_large_image","twitter_misc":{"Est. reading time":"2 minutes"},"schema":{"@context":"https:\/\/schema.org","@graph":[{"@type":"WebPage","@id":"https:\/\/www.lesboisheritage.com\/en\/pine-flooring\/","url":"https:\/\/www.lesboisheritage.com\/en\/pine-flooring\/","name":"Pine Flooring - Les bois H\u00e9ritage","isPartOf":{"@id":"https:\/\/www.lesboisheritage.com\/en\/#website"},"datePublished":"2023-02-10T15:56:57+00:00","dateModified":"2023-03-27T18:24:58+00:00","breadcrumb":{"@id":"https:\/\/www.lesboisheritage.com\/en\/pine-flooring\/#breadcrumb"},"inLanguage":"en-US","potentialAction":[{"@type":"ReadAction","target":["https:\/\/www.lesboisheritage.com\/en\/pine-flooring\/"]}]},{"@type":"BreadcrumbList","@id":"https:\/\/www.lesboisheritage.com\/en\/pine-flooring\/#breadcrumb","itemListElement":[{"@type":"ListItem","position":1,"name":"Home","item":"https:\/\/www.lesboisheritage.com\/en\/home\/"},{"@type":"ListItem","position":2,"name":"Pine Flooring"}]},{"@type":"WebSite","@id":"https:\/\/www.lesboisheritage.com\/en\/#website","url":"https:\/\/www.lesboisheritage.com\/en\/","name":"Les Bois H\u00e9ritage | Sp\u00e9cialiste de Prin Rouge, Lambris, Moulures et plancher de pin rustique","description":"Sp\u00e9cialiste du Pin","publisher":{"@id":"https:\/\/www.lesboisheritage.com\/en\/#organization"},"alternateName":"Red Pine Specialist","potentialAction":[{"@type":"SearchAction","target":{"@type":"EntryPoint","urlTemplate":"https:\/\/www.lesboisheritage.com\/en\/?s={search_term_string}"},"query-input":{"@type":"PropertyValueSpecification","valueRequired":true,"valueName":"search_term_string"}}],"inLanguage":"en-US"},{"@type":"Organization","@id":"https:\/\/www.lesboisheritage.com\/en\/#organization","name":"Les Bois H\u00e9ritage | Sp\u00e9cialiste de Prin Rouge, Lambris, Moulures et plancher de pin rustique","alternateName":"Les Bois H\u00e9ritage | Sp\u00e9cialiste de Prin Rouge, Lambris, Moulures et plancher de pin rustique","url":"https:\/\/www.lesboisheritage.com\/en\/","logo":{"@type":"ImageObject","inLanguage":"en-US","@id":"https:\/\/www.lesboisheritage.com\/en\/#\/schema\/logo\/image\/","url":"https:\/\/www.lesboisheritage.com\/wp-content\/uploads\/2014\/08\/Untitled-1-2.png","contentUrl":"https:\/\/www.lesboisheritage.com\/wp-content\/uploads\/2014\/08\/Untitled-1-2.png","width":228,"height":120,"caption":"Les Bois H\u00e9ritage | Sp\u00e9cialiste de Prin Rouge, Lambris, Moulures et plancher de pin rustique"},"image":{"@id":"https:\/\/www.lesboisheritage.com\/en\/#\/schema\/logo\/image\/"},"sameAs":["https:\/\/www.facebook.com\/profile.php?id=100057078505525&locale=fr_CA"]}]}},"_links":{"self":[{"href":"https:\/\/www.lesboisheritage.com\/en\/wp-json\/wp\/v2\/pages\/3984","targetHints":{"allow":["GET"]}}],"collection":[{"href":"https:\/\/www.lesboisheritage.com\/en\/wp-json\/wp\/v2\/pages"}],"about":[{"href":"https:\/\/www.lesboisheritage.com\/en\/wp-json\/wp\/v2\/types\/page"}],"author":[{"embeddable":true,"href":"https:\/\/www.lesboisheritage.com\/en\/wp-json\/wp\/v2\/users\/1"}],"replies":[{"embeddable":true,"href":"https:\/\/www.lesboisheritage.com\/en\/wp-json\/wp\/v2\/comments?post=3984"}],"version-history":[{"count":5,"href":"https:\/\/www.lesboisheritage.com\/en\/wp-json\/wp\/v2\/pages\/3984\/revisions"}],"predecessor-version":[{"id":4182,"href":"https:\/\/www.lesboisheritage.com\/en\/wp-json\/wp\/v2\/pages\/3984\/revisions\/4182"}],"wp:attachment":[{"href":"https:\/\/www.lesboisheritage.com\/en\/wp-json\/wp\/v2\/media?parent=3984"}],"curies":[{"name":"wp","href":"https:\/\/api.w.org\/{rel}","templated":true}]}}