{"id":4017,"date":"2019-11-14T18:03:53","date_gmt":"2019-11-14T18:03:53","guid":{"rendered":"https:\/\/lesboisheritage.dev2.inter-vision.ca\/notre-entreprise\/"},"modified":"2025-08-20T14:39:39","modified_gmt":"2025-08-20T14:39:39","slug":"our-company","status":"publish","type":"page","link":"https:\/\/www.lesboisheritage.com\/en\/our-company\/","title":{"rendered":"OUR COMPANY"},"content":{"rendered":"<div class=\"wpb-content-wrapper\"><p>[vc_row css=&#8221;.vc_custom_1573900044674{margin-top: 0px !important;}&#8221;][vc_column]\r\n\r\r\n\r\r\n<div class=\"doors_empty_space\" data-heightmobile=\"10\" data-heighttablet=\"40\" data-heightdesktop=\"60\">\r\r\n\r\r\n<\/div>\r\r\n      \r\r\n\r\r\n\r\r\n\r\r\n        \r\r\n      \r\r\n    [\/vc_column][\/vc_row][vc_row css=&#8221;.vc_custom_1573900044674{margin-top: 0px !important;}&#8221;][vc_column]\r\n\r\r\n\r\r\n<div class=\"doors_empty_space\" data-heightmobile=\"10\" data-heighttablet=\"40\" data-heightdesktop=\"60\">\r\r\n\r\r\n<\/div>\r\r\n      \r\r\n\r\r\n\r\r\n\r\r\n        \r\r\n      \r\r\n    [vc_row_inner][vc_column_inner width=&#8221;1\/2&#8243;]\t\t<div class=\"wd-heading  s-behind-t behind-about text-left\" >\r\n\t\t\t\r\n      \r\n      <h2 style=\"margin:0;\" >\r\n\t\t\t\t\tCOMPANY\t\t\t\t<\/h2>\r\n\r\n        <div style='margin-top: 10px;'><\/div>      \r\n              <p style=\"\" >\r\n\t\t\t\t\tOUR\t\t\t\t<\/p>\r\n      \r\n      \r\n    \t\t<\/div>\r\n\r\n\t\t[\/vc_column_inner][vc_column_inner width=&#8221;1\/2&#8243;][\/vc_column_inner][\/vc_row_inner][vc_row_inner content_placement=&#8221;middle&#8221;][vc_column_inner width=&#8221;1\/2&#8243;][vc_video link=&#8221;https:\/\/www.youtube.com\/watch?v=j11zr3CnNSM&amp;t=4s&#8221; css=&#8221;&#8221;][\/vc_column_inner][vc_column_inner width=&#8221;1\/2&#8243;][vc_column_text]Les Bois H\u00e9ritage was founded in 2006.<br \/>\nIt is a family business specializing in the processing of white pine and red pine. Our facilities include, among other things, three moulders, a dryer, two warehouses, an edger, a band saw and a micro-factory specializing in the manufacture of furniture.<\/p>\n<p>Our main products are red pine flooring, siding, Paneling and moulding. We now offer close to 300 different products, including maple counters. We can also reproduce practically any moulding models or special wood patterns. We even design and manufacture our own cutters.<br \/>\nOur experienced team is made up of people who take pride in work well done. Most of them have a background in woodworking. The company hires some fifteen employees.[\/vc_column_text][\/vc_column_inner][\/vc_row_inner]\r\n\r\r\n\r\r\n<div class=\"doors_empty_space\" data-heightmobile=\"10\" data-heighttablet=\"20\" data-heightdesktop=\"30\">\r\r\n\r\r\n<\/div>\r\r\n      \r\r\n\r\r\n\r\r\n\r\r\n        \r\r\n      \r\r\n    [\/vc_column][\/vc_row][vc_row full_width=&#8221;stretch_row&#8221; css=&#8221;.vc_custom_1573813194365{background-position: center !important;background-repeat: no-repeat !important;background-size: cover !important;}&#8221; font_color=&#8221;#ffffff&#8221; el_class=&#8221;white&#8221;][vc_column el_class=&#8221;dark-bg&#8221; offset=&#8221;vc_hidden-lg vc_hidden-md vc_hidden-sm vc_hidden-xs&#8221;]\r\n\r\r\n\r\r\n<div class=\"doors_empty_space\" data-heightmobile=\"50\" data-heighttablet=\"100\" data-heightdesktop=\"193\">\r\r\n\r\r\n<\/div>\r\r\n      \r\r\n\r\r\n\r\r\n\r\r\n        \r\r\n      \r\r\n    \t\t<div class=\"wd-heading  s-behind-t text-left\" >\r\n\t\t\t\r\n      \r\n      <h2 style=\"margin:0;\" >\r\n\t\t\t\t\tOur <span>awesome<\/span> Team\t\t\t\t<\/h2>\r\n\r\n        <div style='margin-top: 10px;'><\/div>      \r\n              <p style=\"\" >\r\n\t\t\t\t\tPeople\t\t\t\t<\/p>\r\n      \r\n      \r\n    \t\t<\/div>\r\n\r\n\t\t\r\n\r\r\n\r\r\n<div class=\"doors_empty_space\" data-heightmobile=\"50\" data-heighttablet=\"50\" data-heightdesktop=\"50\">\r\r\n\r\r\n<\/div>\r\r\n      \r\r\n\r\r\n\r\r\n\r\r\n        \r\r\n      \r\r\n    \r\r\r\r\t\t      <div class=\"team-list-style2  small-up large-up-4 \">\r\t\t\t\t          <div\r            class=\" column column-block\" >\r            <div class=\"team-member\">\r              <div class=\"team-member__picture\">\r\t\t\t\t\t\t\t\t\r\t\t\t\t\t\t<img loading=\"lazy\" decoding=\"async\" width=\"550\" height=\"576\" src=\"https:\/\/www.lesboisheritage.com\/wp-content\/uploads\/2014\/08\/team-9-550x576.jpg\" class=\"attachment-doors_team size-doors_team\" alt=\"\" \/>\r\t\t\t\t\t\r              <\/div>\r              <div class=\"team-member__info\">\r                <h5 class=\"team-member__name\"><span>Aleen Valzac<\/span><\/h5>\r\t\t\t\t\t\t\t\t                  <p class=\"team-member__job\"><span>CEO<\/span>\r                  <\/p>\r\t\t\t\t\t\t\t\t\t\t\t\t\t\t\t\t                  <p class=\"team-member__desc\"><\/p>\r\t\t\t\t\t\t\t\t              <\/div>\r\t\t\t\t\t\t\t            <\/div>\r          <\/div>\r\t\t\t\t          <div\r            class=\" column column-block\" >\r            <div class=\"team-member\">\r              <div class=\"team-member__picture\">\r\t\t\t\t\t\t\t\t\r\t\t\t\t\t\t<img loading=\"lazy\" decoding=\"async\" width=\"550\" height=\"576\" src=\"https:\/\/www.lesboisheritage.com\/wp-content\/uploads\/2014\/08\/team-10-550x576.jpg\" class=\"attachment-doors_team size-doors_team\" alt=\"\" \/>\r\t\t\t\t\t\r              <\/div>\r              <div class=\"team-member__info\">\r                <h5 class=\"team-member__name\"><span>Alex Joan<\/span><\/h5>\r\t\t\t\t\t\t\t\t                  <p class=\"team-member__job\"><span>Project Manager<\/span>\r                  <\/p>\r\t\t\t\t\t\t\t\t\t\t\t\t\t\t\t\t                  <p class=\"team-member__desc\"><\/p>\r\t\t\t\t\t\t\t\t              <\/div>\r\t\t\t\t\t\t\t            <\/div>\r          <\/div>\r\t\t\t\t          <div\r            class=\" column column-block\" >\r            <div class=\"team-member\">\r              <div class=\"team-member__picture\">\r\t\t\t\t\t\t\t\t\r\t\t\t\t\t\t<img loading=\"lazy\" decoding=\"async\" width=\"550\" height=\"576\" src=\"https:\/\/www.lesboisheritage.com\/wp-content\/uploads\/2014\/08\/team-12-550x576.jpg\" class=\"attachment-doors_team size-doors_team\" alt=\"\" \/>\r\t\t\t\t\t\r              <\/div>\r              <div class=\"team-member__info\">\r                <h5 class=\"team-member__name\"><span>John Harris<\/span><\/h5>\r\t\t\t\t\t\t\t\t                  <p class=\"team-member__job\"><span>Product Manager<\/span>\r                  <\/p>\r\t\t\t\t\t\t\t\t\t\t\t\t\t\t\t\t                  <p class=\"team-member__desc\"><\/p>\r\t\t\t\t\t\t\t\t              <\/div>\r\t\t\t\t\t\t\t            <\/div>\r          <\/div>\r\t\t\t\t          <div\r            class=\" column column-block\" >\r            <div class=\"team-member\">\r              <div class=\"team-member__picture\">\r\t\t\t\t\t\t\t\t\r\t\t\t\t\t\t<img loading=\"lazy\" decoding=\"async\" width=\"550\" height=\"576\" src=\"https:\/\/www.lesboisheritage.com\/wp-content\/uploads\/2014\/08\/team-11-550x576.jpg\" class=\"attachment-doors_team size-doors_team\" alt=\"\" \/>\r\t\t\t\t\t\r              <\/div>\r              <div class=\"team-member__info\">\r                <h5 class=\"team-member__name\"><span>Amine Jazouli<\/span><\/h5>\r\t\t\t\t\t\t\t\t                  <p class=\"team-member__job\"><span>Designer<\/span>\r                  <\/p>\r\t\t\t\t\t\t\t\t\t\t\t\t\t\t\t\t                  <p class=\"team-member__desc\"><\/p>\r\t\t\t\t\t\t\t\t              <\/div>\r\t\t\t\t\t\t\t            <\/div>\r          <\/div>\r\t\t\t\t      <\/div>\r\t\t\r\r\t\t[\/vc_column][\/vc_row][vc_row full_width=&#8221;stretch_row&#8221; css=&#8221;.vc_custom_1676045127070{margin-top: 0px !important;margin-bottom: 0px !important;padding-bottom: 80px !important;background-position: center !important;background-repeat: no-repeat !important;background-size: cover !important;}&#8221;][vc_column offset=&#8221;vc_hidden-lg vc_hidden-md vc_hidden-sm vc_hidden-xs&#8221;]\r\n\r\r\n\r\r\n<div class=\"doors_empty_space\" data-heightmobile=\"50\" data-heighttablet=\"100\" data-heightdesktop=\"193\">\r\r\n\r\r\n<\/div>\r\r\n      \r\r\n\r\r\n\r\r\n\r\r\n        \r\r\n      \r\r\n    \t\t<div class=\"wd-heading  s-behind-t text-left\" >\r\n\t\t\t\r\n      \r\n      <h2 style=\"margin:0;\" >\r\n\t\t\t\t\t<span>Testimonials<\/span>\t\t\t\t<\/h2>\r\n\r\n        <div style='margin-top: 10px;'><\/div>      \r\n              <p style=\"\" >\r\n\t\t\t\t\tClients\t\t\t\t<\/p>\r\n      \r\n      \r\n    \t\t<\/div>\r\n\r\n\t\t\r\t    <div class=\"owl-testimonail wd-testimonial wd-testimonial_style_2\">\r\t\t\t        <blockquote class=\"wd-testimonial__item\">\r          <div class=\"wd-testimonial__thumbnail\">\r\t\t\t\t\t\t              \r\t\t\t\t\t\t\t<img loading=\"lazy\" decoding=\"async\" width=\"600\" height=\"598\" src=\"https:\/\/www.lesboisheritage.com\/wp-content\/uploads\/2014\/08\/team-12.jpg\" class=\"attachment-doors__testimonial_layout_2 size-doors__testimonial_layout_2 wp-post-image\" alt=\"\" srcset=\"https:\/\/www.lesboisheritage.com\/wp-content\/uploads\/2014\/08\/team-12.jpg 600w, https:\/\/www.lesboisheritage.com\/wp-content\/uploads\/2014\/08\/team-12-300x300.jpg 300w, https:\/\/www.lesboisheritage.com\/wp-content\/uploads\/2014\/08\/team-12-150x150.jpg 150w, https:\/\/www.lesboisheritage.com\/wp-content\/uploads\/2014\/08\/team-12-140x140.jpg 140w, https:\/\/www.lesboisheritage.com\/wp-content\/uploads\/2014\/08\/team-12-370x370.jpg 370w, https:\/\/www.lesboisheritage.com\/wp-content\/uploads\/2014\/08\/team-12-250x250.jpg 250w\" sizes=\"auto, (max-width: 600px) 100vw, 600px\" \/>\r          <\/div>\r          <div class=\"wd-testimonial__info\">\r            <div class=\"excerpt\">\r              <p style=\"\">\r\t\t\t\t\t\t\t\tDuis aute irure dolor in reprehenderit in voluptate velit esse cillum dolore Ventage or dorent eu fugiat nulla pariatur. Excepteur sint occaecat cupidatat non proident rum.              <\/p>\r\r            <\/div>\r            <h5 class=\"title\">\r\t\t\t\t\t\t\tMICHAEL STROMBACH            <\/h5>\r            <p class=\"job p-small\">\r\t\t\t\t\t\t\tProduct Manager            <\/p>\r          <\/div>\r        <\/blockquote>\r\t\t\t        <blockquote class=\"wd-testimonial__item\">\r          <div class=\"wd-testimonial__thumbnail\">\r\t\t\t\t\t\t              \r\t\t\t\t\t\t\t<img loading=\"lazy\" decoding=\"async\" width=\"600\" height=\"598\" src=\"https:\/\/www.lesboisheritage.com\/wp-content\/uploads\/2014\/08\/team-11.jpg\" class=\"attachment-doors__testimonial_layout_2 size-doors__testimonial_layout_2 wp-post-image\" alt=\"\" srcset=\"https:\/\/www.lesboisheritage.com\/wp-content\/uploads\/2014\/08\/team-11.jpg 600w, https:\/\/www.lesboisheritage.com\/wp-content\/uploads\/2014\/08\/team-11-300x300.jpg 300w, https:\/\/www.lesboisheritage.com\/wp-content\/uploads\/2014\/08\/team-11-150x150.jpg 150w, https:\/\/www.lesboisheritage.com\/wp-content\/uploads\/2014\/08\/team-11-140x140.jpg 140w, https:\/\/www.lesboisheritage.com\/wp-content\/uploads\/2014\/08\/team-11-370x370.jpg 370w, https:\/\/www.lesboisheritage.com\/wp-content\/uploads\/2014\/08\/team-11-250x250.jpg 250w\" sizes=\"auto, (max-width: 600px) 100vw, 600px\" \/>\r          <\/div>\r          <div class=\"wd-testimonial__info\">\r            <div class=\"excerpt\">\r              <p style=\"\">\r\t\t\t\t\t\t\t\tDuis aute irure dolor in reprehenderit in voluptate velit esse cillum dolore eu fugiat nulla pariatur. Excepteur sint occaecat cupidatat non proident              <\/p>\r\r            <\/div>\r            <h5 class=\"title\">\r\t\t\t\t\t\t\tSTROMBACH MICHAEL            <\/h5>\r            <p class=\"job p-small\">\r\t\t\t\t\t\t\tManager            <\/p>\r          <\/div>\r        <\/blockquote>\r\t\t\t    <\/div>\r\t\t\r\r\t[\/vc_column][\/vc_row]<\/p>\n<\/div>","protected":false},"excerpt":{"rendered":"<p>[vc_row css=&#8221;.vc_custom_1573900044674{margin-top: 0px !important;}&#8221;][vc_column][\/vc_column][\/vc_row][vc_row css=&#8221;.vc_custom_1573900044674{margin-top: 0px !important;}&#8221;][vc_column][vc_row_inner][vc_column_inner width=&#8221;1\/2&#8243;][\/vc_column_inner][vc_column_inner width=&#8221;1\/2&#8243;][\/vc_column_inner][\/vc_row_inner][vc_row_inner content_placement=&#8221;middle&#8221;][vc_column_inner width=&#8221;1\/2&#8243;][vc_video link=&#8221;https:\/\/www.youtube.com\/watch?v=j11zr3CnNSM&amp;t=4s&#8221; css=&#8221;&#8221;][\/vc_column_inner][vc_column_inner width=&#8221;1\/2&#8243;][vc_column_text]Les Bois H\u00e9ritage was founded in 2006. It is a family business specializing in the processing of white pine and red pine. Our facilities include, among other things, three moulders, a dryer, two warehouses, an edger, a band saw and a micro-factory [&hellip;]<\/p>\n","protected":false},"author":1,"featured_media":0,"parent":0,"menu_order":0,"comment_status":"closed","ping_status":"closed","template":"","meta":{"footnotes":""},"class_list":["post-4017","page","type-page","status-publish","hentry"],"yoast_head":"<!-- This site is optimized with the Yoast SEO plugin v27.4 - https:\/\/yoast.com\/product\/yoast-seo-wordpress\/ -->\n<title>OUR COMPANY - Les bois H\u00e9ritage<\/title>\n<meta name=\"robots\" content=\"index, follow, max-snippet:-1, max-image-preview:large, max-video-preview:-1\" \/>\n<link rel=\"canonical\" href=\"https:\/\/www.lesboisheritage.com\/en\/our-company\/\" \/>\n<meta property=\"og:locale\" content=\"en_US\" \/>\n<meta property=\"og:type\" content=\"article\" \/>\n<meta property=\"og:title\" content=\"OUR COMPANY - Les bois H\u00e9ritage\" \/>\n<meta property=\"og:description\" content=\"[vc_row css=&#8221;.vc_custom_1573900044674{margin-top: 0px !important;}&#8221;][vc_column][\/vc_column][\/vc_row][vc_row css=&#8221;.vc_custom_1573900044674{margin-top: 0px !important;}&#8221;][vc_column][vc_row_inner][vc_column_inner width=&#8221;1\/2&#8243;][\/vc_column_inner][vc_column_inner width=&#8221;1\/2&#8243;][\/vc_column_inner][\/vc_row_inner][vc_row_inner content_placement=&#8221;middle&#8221;][vc_column_inner width=&#8221;1\/2&#8243;][vc_video link=&#8221;https:\/\/www.youtube.com\/watch?v=j11zr3CnNSM&amp;t=4s&#8221; css=&#8221;&#8221;][\/vc_column_inner][vc_column_inner width=&#8221;1\/2&#8243;][vc_column_text]Les Bois H\u00e9ritage was founded in 2006. It is a family business specializing in the processing of white pine and red pine. Our facilities include, among other things, three moulders, a dryer, two warehouses, an edger, a band saw and a micro-factory [&hellip;]\" \/>\n<meta property=\"og:url\" content=\"https:\/\/www.lesboisheritage.com\/en\/our-company\/\" \/>\n<meta property=\"og:site_name\" content=\"Les bois H\u00e9ritage\" \/>\n<meta property=\"article:publisher\" content=\"https:\/\/www.facebook.com\/profile.php?id=100057078505525&amp;locale=fr_CA\" \/>\n<meta property=\"article:modified_time\" content=\"2025-08-20T14:39:39+00:00\" \/>\n<meta name=\"twitter:card\" content=\"summary_large_image\" \/>\n<meta name=\"twitter:label1\" content=\"Est. reading time\" \/>\n\t<meta name=\"twitter:data1\" content=\"1 minute\" \/>\n<script type=\"application\/ld+json\" class=\"yoast-schema-graph\">{\"@context\":\"https:\\\/\\\/schema.org\",\"@graph\":[{\"@type\":\"WebPage\",\"@id\":\"https:\\\/\\\/www.lesboisheritage.com\\\/en\\\/our-company\\\/\",\"url\":\"https:\\\/\\\/www.lesboisheritage.com\\\/en\\\/our-company\\\/\",\"name\":\"OUR COMPANY - Les bois H\u00e9ritage\",\"isPartOf\":{\"@id\":\"https:\\\/\\\/www.lesboisheritage.com\\\/en\\\/#website\"},\"datePublished\":\"2019-11-14T18:03:53+00:00\",\"dateModified\":\"2025-08-20T14:39:39+00:00\",\"breadcrumb\":{\"@id\":\"https:\\\/\\\/www.lesboisheritage.com\\\/en\\\/our-company\\\/#breadcrumb\"},\"inLanguage\":\"en-US\",\"potentialAction\":[{\"@type\":\"ReadAction\",\"target\":[\"https:\\\/\\\/www.lesboisheritage.com\\\/en\\\/our-company\\\/\"]}]},{\"@type\":\"BreadcrumbList\",\"@id\":\"https:\\\/\\\/www.lesboisheritage.com\\\/en\\\/our-company\\\/#breadcrumb\",\"itemListElement\":[{\"@type\":\"ListItem\",\"position\":1,\"name\":\"Home\",\"item\":\"https:\\\/\\\/www.lesboisheritage.com\\\/en\\\/home\\\/\"},{\"@type\":\"ListItem\",\"position\":2,\"name\":\"OUR COMPANY\"}]},{\"@type\":\"WebSite\",\"@id\":\"https:\\\/\\\/www.lesboisheritage.com\\\/en\\\/#website\",\"url\":\"https:\\\/\\\/www.lesboisheritage.com\\\/en\\\/\",\"name\":\"Les Bois H\u00e9ritage | Sp\u00e9cialiste de Prin Rouge, Lambris, Moulures et plancher de pin rustique\",\"description\":\"Sp\u00e9cialiste du Pin\",\"publisher\":{\"@id\":\"https:\\\/\\\/www.lesboisheritage.com\\\/en\\\/#organization\"},\"alternateName\":\"Red Pine Specialist\",\"potentialAction\":[{\"@type\":\"SearchAction\",\"target\":{\"@type\":\"EntryPoint\",\"urlTemplate\":\"https:\\\/\\\/www.lesboisheritage.com\\\/en\\\/?s={search_term_string}\"},\"query-input\":{\"@type\":\"PropertyValueSpecification\",\"valueRequired\":true,\"valueName\":\"search_term_string\"}}],\"inLanguage\":\"en-US\"},{\"@type\":\"Organization\",\"@id\":\"https:\\\/\\\/www.lesboisheritage.com\\\/en\\\/#organization\",\"name\":\"Les Bois H\u00e9ritage | Sp\u00e9cialiste de Prin Rouge, Lambris, Moulures et plancher de pin rustique\",\"alternateName\":\"Les Bois H\u00e9ritage | Sp\u00e9cialiste de Prin Rouge, Lambris, Moulures et plancher de pin rustique\",\"url\":\"https:\\\/\\\/www.lesboisheritage.com\\\/en\\\/\",\"logo\":{\"@type\":\"ImageObject\",\"inLanguage\":\"en-US\",\"@id\":\"https:\\\/\\\/www.lesboisheritage.com\\\/en\\\/#\\\/schema\\\/logo\\\/image\\\/\",\"url\":\"https:\\\/\\\/www.lesboisheritage.com\\\/wp-content\\\/uploads\\\/2014\\\/08\\\/Untitled-1-2.png\",\"contentUrl\":\"https:\\\/\\\/www.lesboisheritage.com\\\/wp-content\\\/uploads\\\/2014\\\/08\\\/Untitled-1-2.png\",\"width\":228,\"height\":120,\"caption\":\"Les Bois H\u00e9ritage | Sp\u00e9cialiste de Prin Rouge, Lambris, Moulures et plancher de pin rustique\"},\"image\":{\"@id\":\"https:\\\/\\\/www.lesboisheritage.com\\\/en\\\/#\\\/schema\\\/logo\\\/image\\\/\"},\"sameAs\":[\"https:\\\/\\\/www.facebook.com\\\/profile.php?id=100057078505525&locale=fr_CA\"]}]}<\/script>\n<!-- \/ Yoast SEO plugin. -->","yoast_head_json":{"title":"OUR COMPANY - Les bois H\u00e9ritage","robots":{"index":"index","follow":"follow","max-snippet":"max-snippet:-1","max-image-preview":"max-image-preview:large","max-video-preview":"max-video-preview:-1"},"canonical":"https:\/\/www.lesboisheritage.com\/en\/our-company\/","og_locale":"en_US","og_type":"article","og_title":"OUR COMPANY - Les bois H\u00e9ritage","og_description":"[vc_row css=&#8221;.vc_custom_1573900044674{margin-top: 0px !important;}&#8221;][vc_column][\/vc_column][\/vc_row][vc_row css=&#8221;.vc_custom_1573900044674{margin-top: 0px !important;}&#8221;][vc_column][vc_row_inner][vc_column_inner width=&#8221;1\/2&#8243;][\/vc_column_inner][vc_column_inner width=&#8221;1\/2&#8243;][\/vc_column_inner][\/vc_row_inner][vc_row_inner content_placement=&#8221;middle&#8221;][vc_column_inner width=&#8221;1\/2&#8243;][vc_video link=&#8221;https:\/\/www.youtube.com\/watch?v=j11zr3CnNSM&amp;t=4s&#8221; css=&#8221;&#8221;][\/vc_column_inner][vc_column_inner width=&#8221;1\/2&#8243;][vc_column_text]Les Bois H\u00e9ritage was founded in 2006. It is a family business specializing in the processing of white pine and red pine. Our facilities include, among other things, three moulders, a dryer, two warehouses, an edger, a band saw and a micro-factory [&hellip;]","og_url":"https:\/\/www.lesboisheritage.com\/en\/our-company\/","og_site_name":"Les bois H\u00e9ritage","article_publisher":"https:\/\/www.facebook.com\/profile.php?id=100057078505525&locale=fr_CA","article_modified_time":"2025-08-20T14:39:39+00:00","twitter_card":"summary_large_image","twitter_misc":{"Est. reading time":"1 minute"},"schema":{"@context":"https:\/\/schema.org","@graph":[{"@type":"WebPage","@id":"https:\/\/www.lesboisheritage.com\/en\/our-company\/","url":"https:\/\/www.lesboisheritage.com\/en\/our-company\/","name":"OUR COMPANY - Les bois H\u00e9ritage","isPartOf":{"@id":"https:\/\/www.lesboisheritage.com\/en\/#website"},"datePublished":"2019-11-14T18:03:53+00:00","dateModified":"2025-08-20T14:39:39+00:00","breadcrumb":{"@id":"https:\/\/www.lesboisheritage.com\/en\/our-company\/#breadcrumb"},"inLanguage":"en-US","potentialAction":[{"@type":"ReadAction","target":["https:\/\/www.lesboisheritage.com\/en\/our-company\/"]}]},{"@type":"BreadcrumbList","@id":"https:\/\/www.lesboisheritage.com\/en\/our-company\/#breadcrumb","itemListElement":[{"@type":"ListItem","position":1,"name":"Home","item":"https:\/\/www.lesboisheritage.com\/en\/home\/"},{"@type":"ListItem","position":2,"name":"OUR COMPANY"}]},{"@type":"WebSite","@id":"https:\/\/www.lesboisheritage.com\/en\/#website","url":"https:\/\/www.lesboisheritage.com\/en\/","name":"Les Bois H\u00e9ritage | Sp\u00e9cialiste de Prin Rouge, Lambris, Moulures et plancher de pin rustique","description":"Sp\u00e9cialiste du Pin","publisher":{"@id":"https:\/\/www.lesboisheritage.com\/en\/#organization"},"alternateName":"Red Pine Specialist","potentialAction":[{"@type":"SearchAction","target":{"@type":"EntryPoint","urlTemplate":"https:\/\/www.lesboisheritage.com\/en\/?s={search_term_string}"},"query-input":{"@type":"PropertyValueSpecification","valueRequired":true,"valueName":"search_term_string"}}],"inLanguage":"en-US"},{"@type":"Organization","@id":"https:\/\/www.lesboisheritage.com\/en\/#organization","name":"Les Bois H\u00e9ritage | Sp\u00e9cialiste de Prin Rouge, Lambris, Moulures et plancher de pin rustique","alternateName":"Les Bois H\u00e9ritage | Sp\u00e9cialiste de Prin Rouge, Lambris, Moulures et plancher de pin rustique","url":"https:\/\/www.lesboisheritage.com\/en\/","logo":{"@type":"ImageObject","inLanguage":"en-US","@id":"https:\/\/www.lesboisheritage.com\/en\/#\/schema\/logo\/image\/","url":"https:\/\/www.lesboisheritage.com\/wp-content\/uploads\/2014\/08\/Untitled-1-2.png","contentUrl":"https:\/\/www.lesboisheritage.com\/wp-content\/uploads\/2014\/08\/Untitled-1-2.png","width":228,"height":120,"caption":"Les Bois H\u00e9ritage | Sp\u00e9cialiste de Prin Rouge, Lambris, Moulures et plancher de pin rustique"},"image":{"@id":"https:\/\/www.lesboisheritage.com\/en\/#\/schema\/logo\/image\/"},"sameAs":["https:\/\/www.facebook.com\/profile.php?id=100057078505525&locale=fr_CA"]}]}},"_links":{"self":[{"href":"https:\/\/www.lesboisheritage.com\/en\/wp-json\/wp\/v2\/pages\/4017","targetHints":{"allow":["GET"]}}],"collection":[{"href":"https:\/\/www.lesboisheritage.com\/en\/wp-json\/wp\/v2\/pages"}],"about":[{"href":"https:\/\/www.lesboisheritage.com\/en\/wp-json\/wp\/v2\/types\/page"}],"author":[{"embeddable":true,"href":"https:\/\/www.lesboisheritage.com\/en\/wp-json\/wp\/v2\/users\/1"}],"replies":[{"embeddable":true,"href":"https:\/\/www.lesboisheritage.com\/en\/wp-json\/wp\/v2\/comments?post=4017"}],"version-history":[{"count":6,"href":"https:\/\/www.lesboisheritage.com\/en\/wp-json\/wp\/v2\/pages\/4017\/revisions"}],"predecessor-version":[{"id":4445,"href":"https:\/\/www.lesboisheritage.com\/en\/wp-json\/wp\/v2\/pages\/4017\/revisions\/4445"}],"wp:attachment":[{"href":"https:\/\/www.lesboisheritage.com\/en\/wp-json\/wp\/v2\/media?parent=4017"}],"curies":[{"name":"wp","href":"https:\/\/api.w.org\/{rel}","templated":true}]}}