{"id":4024,"date":"2016-05-10T11:56:23","date_gmt":"2016-05-10T11:56:23","guid":{"rendered":"https:\/\/lesboisheritage.dev2.inter-vision.ca\/nous-joindre\/"},"modified":"2023-03-27T18:01:46","modified_gmt":"2023-03-27T18:01:46","slug":"contact-us","status":"publish","type":"page","link":"https:\/\/www.lesboisheritage.com\/en\/contact-us\/","title":{"rendered":"CONTACT US"},"content":{"rendered":"<div class=\"wpb-content-wrapper\"><p>[vc_row type=&#8221;grid&#8221;][vc_column width=&#8221;1\/2&#8243; css=&#8221;.vc_custom_1462381095114{padding-right: 10px !important;padding-left: 10px !important;}&#8221;][vc_column_text css=&#8221;.vc_custom_1678389234630{margin-top: 30px !important;}&#8221;]<\/p>\n<h2 style=\"text-align: center;\"><strong>Contact Us<\/strong><\/h2>\n<p style=\"text-align: center;\">Daniel D&#8217;Amours:\u00a0<a href=\"mailto:daniel.damours@lesboisheritage.com\">daniel.damours@lesboisheritage.com<\/a><br \/>\nMireille Cl\u00e9roux:\u00a0<a href=\"mailto:mireille.cleroux@lesboisheritage.com\">mireille.cleroux@lesboisheritage.com<\/a><br \/>\nRen\u00e9 D&#8217;Amours:\u00a0<a href=\"mailto:rene.damours@lesboisheritage.com\">rene.damours@lesboisheritage.com<\/a><br \/>\nSamuel D&#8217;Amours:\u00a0<a href=\"mailto:samuel@lesboisheritage.com\">samuel@lesboisheritage.com<\/a><\/p>\n<p>[\/vc_column_text][\/vc_column][vc_column width=&#8221;1\/2&#8243; css=&#8221;.vc_custom_1462381102984{padding-right: 10px !important;padding-left: 10px !important;}&#8221;][vc_column_text css=&#8221;.vc_custom_1679937849699{margin-top: 30px !important;}&#8221;]<\/p>\n<h2 style=\"text-align: center;\"><strong>Opening hour<\/strong><\/h2>\n<p style=\"text-align: center;\">Monday to Thursday 7:30 a.m. to 5 p.m.<br \/>\nFriday from 7:30 a.m. to 3 p.m.<\/p>\n<p>[\/vc_column_text][\/vc_column][\/vc_row][vc_row css=&#8221;.vc_custom_1463994430217{margin-bottom: 30px !important;}&#8221; type=&#8221;grid&#8221;][vc_column width=&#8221;1\/2&#8243; css=&#8221;.vc_custom_1462381095114{padding-right: 10px !important;padding-left: 10px !important;}&#8221;][vc_column_text css=&#8221;.vc_custom_1678389289777{margin-top: 30px !important;}&#8221;]<\/p>\n<h2 style=\"text-align: center;\"><strong>Civic adress:<\/strong><\/h2>\n<p style=\"text-align: center;\">975 road 105<br \/>\nKazabazua QC JOX 1XO<\/p>\n<p style=\"text-align: center;\">Telephone: 819-463-0748<br \/>\nFax: 819-463-0029<\/p>\n<p>[\/vc_column_text][\/vc_column][vc_column width=&#8221;1\/2&#8243; css=&#8221;.vc_custom_1462381102984{padding-right: 10px !important;padding-left: 10px !important;}&#8221;][vc_column_text css=&#8221;.vc_custom_1678389305614{margin-top: 30px !important;}&#8221;]<\/p>\n<h2 style=\"text-align: center;\"><strong>Postal address:<\/strong><\/h2>\n<p style=\"text-align: center;\">Les Bois H\u00e9ritage<br \/>\nPostal box 28<br \/>\nGracefield QC J0X1W0<\/p>\n<p>[\/vc_column_text][\/vc_column][\/vc_row][vc_row][vc_column][vc_gmaps link=&#8221;#E-8_JTNDaWZyYW1lJTIwc3JjJTNEJTIyaHR0cHMlM0ElMkYlMkZ3d3cuZ29vZ2xlLmNvbSUyRm1hcHMlMkZlbWJlZCUzRnBiJTNEJTIxMW0xOCUyMTFtMTIlMjExbTMlMjExZDM1NjQ5MC41ODQ2MTYwNzU1JTIxMmQtNzYuMTU3OTA3Mjg4Mjg2MTElMjEzZDQ1LjcyOTQzNjQzMTQ1NjUzNCUyMTJtMyUyMTFmMCUyMTJmMCUyMTNmMCUyMTNtMiUyMTFpMTAyNCUyMTJpNzY4JTIxNGYxMy4xJTIxM20zJTIxMW0yJTIxMXMweDRjZDA0OGI0YzdiMzkwZDUlMjUzQTB4OWZhZjg4NGQ5NWQxZWNmZCUyMTJzQm9pcyUyNTIwSCUyNUMzJTI1QTlyaXRhZ2UlMjUyMCUyOExlcyUyOSUyMTVlMCUyMTNtMiUyMTFzZW4lMjEyc2NhJTIxNHYxNjc5OTM5OTU3Mzg2JTIxNW0yJTIxMXNlbiUyMTJzY2ElMjIlMjB3aWR0aCUzRCUyMjYwMCUyMiUyMGhlaWdodCUzRCUyMjQ1MCUyMiUyMHN0eWxlJTNEJTIyYm9yZGVyJTNBMCUzQiUyMiUyMGFsbG93ZnVsbHNjcmVlbiUzRCUyMiUyMiUyMGxvYWRpbmclM0QlMjJsYXp5JTIyJTIwcmVmZXJyZXJwb2xpY3klM0QlMjJuby1yZWZlcnJlci13aGVuLWRvd25ncmFkZSUyMiUzRSUzQyUyRmlmcmFtZSUzRQ==&#8221;][\/vc_column][\/vc_row][vc_row css=&#8221;.vc_custom_1463994430217{margin-bottom: 30px !important;}&#8221; type=&#8221;grid&#8221;][vc_column css=&#8221;.vc_custom_1462381095114{padding-right: 10px !important;padding-left: 10px !important;}&#8221;][vc_column_text css=&#8221;.vc_custom_1678389318417{margin-top: 30px !important;}&#8221;]<\/p>\n<h2><strong>Email us<\/strong><\/h2>\n<p>[\/vc_column_text]\n<div class=\"wpcf7 no-js\" id=\"wpcf7-f4032-o1\" lang=\"en-US\" dir=\"ltr\" data-wpcf7-id=\"4032\">\n<div class=\"screen-reader-response\"><p role=\"status\" aria-live=\"polite\" aria-atomic=\"true\"><\/p> <ul><\/ul><\/div>\n<form action=\"\/en\/wp-json\/wp\/v2\/pages\/4024#wpcf7-f4032-o1\" method=\"post\" class=\"wpcf7-form init\" aria-label=\"Contact form\" novalidate=\"novalidate\" data-status=\"init\">\n<fieldset class=\"hidden-fields-container\"><input type=\"hidden\" name=\"_wpcf7\" value=\"4032\" \/><input type=\"hidden\" name=\"_wpcf7_version\" value=\"6.1.5\" \/><input type=\"hidden\" name=\"_wpcf7_locale\" value=\"en_US\" \/><input type=\"hidden\" name=\"_wpcf7_unit_tag\" value=\"wpcf7-f4032-o1\" \/><input type=\"hidden\" name=\"_wpcf7_container_post\" value=\"0\" \/><input type=\"hidden\" name=\"_wpcf7_posted_data_hash\" value=\"\" \/>\n<\/fieldset>\n<div class=\"row\">\n\t<div class=\"large-6 columns\">\n\t\t<p><span class=\"wpcf7-form-control-wrap\" data-name=\"your-name\"><input size=\"40\" maxlength=\"400\" class=\"wpcf7-form-control wpcf7-text wpcf7-validates-as-required\" aria-required=\"true\" aria-invalid=\"false\" placeholder=\"Name\" value=\"\" type=\"text\" name=\"your-name\" \/><\/span>\n\t\t<\/p>\n\t<\/div>\n\t<div class=\"large-6 columns\">\n\t\t<p><span class=\"wpcf7-form-control-wrap\" data-name=\"Last-Name\"><input size=\"40\" maxlength=\"400\" class=\"wpcf7-form-control wpcf7-text wpcf7-validates-as-required\" aria-required=\"true\" aria-invalid=\"false\" placeholder=\"Last Name\" value=\"\" type=\"text\" name=\"Last-Name\" \/><\/span>\n\t\t<\/p>\n\t<\/div>\n\t<div class=\"large-6 columns\">\n\t\t<p><span class=\"wpcf7-form-control-wrap\" data-name=\"your-email\"><input size=\"40\" maxlength=\"400\" class=\"wpcf7-form-control wpcf7-email wpcf7-validates-as-required wpcf7-text wpcf7-validates-as-email\" aria-required=\"true\" aria-invalid=\"false\" placeholder=\"Email\" value=\"\" type=\"email\" name=\"your-email\" \/><\/span>\n\t\t<\/p>\n\t<\/div>\n\t<div class=\"large-6 columns\">\n\t\t<p><span class=\"wpcf7-form-control-wrap\" data-name=\"Phone-Number\"><input size=\"40\" maxlength=\"400\" class=\"wpcf7-form-control wpcf7-text wpcf7-validates-as-required\" aria-required=\"true\" aria-invalid=\"false\" placeholder=\"Phone\" value=\"\" type=\"text\" name=\"Phone-Number\" \/><\/span>\n\t\t<\/p>\n\t<\/div>\n<\/div>\n<p><span class=\"wpcf7-form-control-wrap\" data-name=\"your-message\"><textarea cols=\"40\" rows=\"5\" maxlength=\"2000\" class=\"wpcf7-form-control wpcf7-textarea\" aria-invalid=\"false\" placeholder=\"Message\" name=\"your-message\"><\/textarea><\/span><br \/>\n<input class=\"wpcf7-form-control wpcf7-submit has-spinner\" type=\"submit\" value=\"Send\" \/>\n<\/p><div class=\"wpcf7-response-output\" aria-hidden=\"true\"><\/div>\n<\/form>\n<\/div>\n[\/vc_column][\/vc_row]<\/p>\n<\/div>","protected":false},"excerpt":{"rendered":"<p>[vc_row type=&#8221;grid&#8221;][vc_column width=&#8221;1\/2&#8243; css=&#8221;.vc_custom_1462381095114{padding-right: 10px !important;padding-left: 10px !important;}&#8221;][vc_column_text css=&#8221;.vc_custom_1678389234630{margin-top: 30px !important;}&#8221;] Contact Us Daniel D&#8217;Amours:\u00a0daniel.damours@lesboisheritage.com Mireille Cl\u00e9roux:\u00a0mireille.cleroux@lesboisheritage.com Ren\u00e9 D&#8217;Amours:\u00a0rene.damours@lesboisheritage.com Samuel D&#8217;Amours:\u00a0samuel@lesboisheritage.com [\/vc_column_text][\/vc_column][vc_column width=&#8221;1\/2&#8243; css=&#8221;.vc_custom_1462381102984{padding-right: 10px !important;padding-left: 10px !important;}&#8221;][vc_column_text css=&#8221;.vc_custom_1679937849699{margin-top: 30px !important;}&#8221;] Opening hour Monday to Thursday 7:30 a.m. to 5 p.m. Friday from 7:30 a.m. to 3 p.m. [\/vc_column_text][\/vc_column][\/vc_row][vc_row css=&#8221;.vc_custom_1463994430217{margin-bottom: 30px !important;}&#8221; type=&#8221;grid&#8221;][vc_column width=&#8221;1\/2&#8243; css=&#8221;.vc_custom_1462381095114{padding-right: [&hellip;]<\/p>\n","protected":false},"author":1,"featured_media":0,"parent":0,"menu_order":0,"comment_status":"closed","ping_status":"closed","template":"","meta":{"footnotes":""},"class_list":["post-4024","page","type-page","status-publish","hentry"],"yoast_head":"<!-- This site is optimized with the Yoast SEO plugin v27.4 - https:\/\/yoast.com\/product\/yoast-seo-wordpress\/ -->\n<title>CONTACT US - Les bois H\u00e9ritage<\/title>\n<meta name=\"robots\" content=\"index, follow, max-snippet:-1, max-image-preview:large, max-video-preview:-1\" \/>\n<link rel=\"canonical\" href=\"https:\/\/www.lesboisheritage.com\/en\/contact-us\/\" \/>\n<meta property=\"og:locale\" content=\"en_US\" \/>\n<meta property=\"og:type\" content=\"article\" \/>\n<meta property=\"og:title\" content=\"CONTACT US - Les bois H\u00e9ritage\" \/>\n<meta property=\"og:description\" content=\"[vc_row type=&#8221;grid&#8221;][vc_column width=&#8221;1\/2&#8243; css=&#8221;.vc_custom_1462381095114{padding-right: 10px !important;padding-left: 10px !important;}&#8221;][vc_column_text css=&#8221;.vc_custom_1678389234630{margin-top: 30px !important;}&#8221;] Contact Us Daniel D&#8217;Amours:\u00a0daniel.damours@lesboisheritage.com Mireille Cl\u00e9roux:\u00a0mireille.cleroux@lesboisheritage.com Ren\u00e9 D&#8217;Amours:\u00a0rene.damours@lesboisheritage.com Samuel D&#8217;Amours:\u00a0samuel@lesboisheritage.com [\/vc_column_text][\/vc_column][vc_column width=&#8221;1\/2&#8243; css=&#8221;.vc_custom_1462381102984{padding-right: 10px !important;padding-left: 10px !important;}&#8221;][vc_column_text css=&#8221;.vc_custom_1679937849699{margin-top: 30px !important;}&#8221;] Opening hour Monday to Thursday 7:30 a.m. to 5 p.m. Friday from 7:30 a.m. to 3 p.m. [\/vc_column_text][\/vc_column][\/vc_row][vc_row css=&#8221;.vc_custom_1463994430217{margin-bottom: 30px !important;}&#8221; type=&#8221;grid&#8221;][vc_column width=&#8221;1\/2&#8243; css=&#8221;.vc_custom_1462381095114{padding-right: [&hellip;]\" \/>\n<meta property=\"og:url\" content=\"https:\/\/www.lesboisheritage.com\/en\/contact-us\/\" \/>\n<meta property=\"og:site_name\" content=\"Les bois H\u00e9ritage\" \/>\n<meta property=\"article:publisher\" content=\"https:\/\/www.facebook.com\/profile.php?id=100057078505525&amp;locale=fr_CA\" \/>\n<meta property=\"article:modified_time\" content=\"2023-03-27T18:01:46+00:00\" \/>\n<meta name=\"twitter:card\" content=\"summary_large_image\" \/>\n<meta name=\"twitter:label1\" content=\"Est. reading time\" \/>\n\t<meta name=\"twitter:data1\" content=\"2 minutes\" \/>\n<script type=\"application\/ld+json\" class=\"yoast-schema-graph\">{\"@context\":\"https:\\\/\\\/schema.org\",\"@graph\":[{\"@type\":\"WebPage\",\"@id\":\"https:\\\/\\\/www.lesboisheritage.com\\\/en\\\/contact-us\\\/\",\"url\":\"https:\\\/\\\/www.lesboisheritage.com\\\/en\\\/contact-us\\\/\",\"name\":\"CONTACT US - Les bois H\u00e9ritage\",\"isPartOf\":{\"@id\":\"https:\\\/\\\/www.lesboisheritage.com\\\/en\\\/#website\"},\"datePublished\":\"2016-05-10T11:56:23+00:00\",\"dateModified\":\"2023-03-27T18:01:46+00:00\",\"breadcrumb\":{\"@id\":\"https:\\\/\\\/www.lesboisheritage.com\\\/en\\\/contact-us\\\/#breadcrumb\"},\"inLanguage\":\"en-US\",\"potentialAction\":[{\"@type\":\"ReadAction\",\"target\":[\"https:\\\/\\\/www.lesboisheritage.com\\\/en\\\/contact-us\\\/\"]}]},{\"@type\":\"BreadcrumbList\",\"@id\":\"https:\\\/\\\/www.lesboisheritage.com\\\/en\\\/contact-us\\\/#breadcrumb\",\"itemListElement\":[{\"@type\":\"ListItem\",\"position\":1,\"name\":\"Home\",\"item\":\"https:\\\/\\\/www.lesboisheritage.com\\\/en\\\/home\\\/\"},{\"@type\":\"ListItem\",\"position\":2,\"name\":\"CONTACT US\"}]},{\"@type\":\"WebSite\",\"@id\":\"https:\\\/\\\/www.lesboisheritage.com\\\/en\\\/#website\",\"url\":\"https:\\\/\\\/www.lesboisheritage.com\\\/en\\\/\",\"name\":\"Les Bois H\u00e9ritage | Sp\u00e9cialiste de Prin Rouge, Lambris, Moulures et plancher de pin rustique\",\"description\":\"Sp\u00e9cialiste du Pin\",\"publisher\":{\"@id\":\"https:\\\/\\\/www.lesboisheritage.com\\\/en\\\/#organization\"},\"alternateName\":\"Red Pine Specialist\",\"potentialAction\":[{\"@type\":\"SearchAction\",\"target\":{\"@type\":\"EntryPoint\",\"urlTemplate\":\"https:\\\/\\\/www.lesboisheritage.com\\\/en\\\/?s={search_term_string}\"},\"query-input\":{\"@type\":\"PropertyValueSpecification\",\"valueRequired\":true,\"valueName\":\"search_term_string\"}}],\"inLanguage\":\"en-US\"},{\"@type\":\"Organization\",\"@id\":\"https:\\\/\\\/www.lesboisheritage.com\\\/en\\\/#organization\",\"name\":\"Les Bois H\u00e9ritage | Sp\u00e9cialiste de Prin Rouge, Lambris, Moulures et plancher de pin rustique\",\"alternateName\":\"Les Bois H\u00e9ritage | Sp\u00e9cialiste de Prin Rouge, Lambris, Moulures et plancher de pin rustique\",\"url\":\"https:\\\/\\\/www.lesboisheritage.com\\\/en\\\/\",\"logo\":{\"@type\":\"ImageObject\",\"inLanguage\":\"en-US\",\"@id\":\"https:\\\/\\\/www.lesboisheritage.com\\\/en\\\/#\\\/schema\\\/logo\\\/image\\\/\",\"url\":\"https:\\\/\\\/www.lesboisheritage.com\\\/wp-content\\\/uploads\\\/2014\\\/08\\\/Untitled-1-2.png\",\"contentUrl\":\"https:\\\/\\\/www.lesboisheritage.com\\\/wp-content\\\/uploads\\\/2014\\\/08\\\/Untitled-1-2.png\",\"width\":228,\"height\":120,\"caption\":\"Les Bois H\u00e9ritage | Sp\u00e9cialiste de Prin Rouge, Lambris, Moulures et plancher de pin rustique\"},\"image\":{\"@id\":\"https:\\\/\\\/www.lesboisheritage.com\\\/en\\\/#\\\/schema\\\/logo\\\/image\\\/\"},\"sameAs\":[\"https:\\\/\\\/www.facebook.com\\\/profile.php?id=100057078505525&locale=fr_CA\"]}]}<\/script>\n<!-- \/ Yoast SEO plugin. -->","yoast_head_json":{"title":"CONTACT US - Les bois H\u00e9ritage","robots":{"index":"index","follow":"follow","max-snippet":"max-snippet:-1","max-image-preview":"max-image-preview:large","max-video-preview":"max-video-preview:-1"},"canonical":"https:\/\/www.lesboisheritage.com\/en\/contact-us\/","og_locale":"en_US","og_type":"article","og_title":"CONTACT US - Les bois H\u00e9ritage","og_description":"[vc_row type=&#8221;grid&#8221;][vc_column width=&#8221;1\/2&#8243; css=&#8221;.vc_custom_1462381095114{padding-right: 10px !important;padding-left: 10px !important;}&#8221;][vc_column_text css=&#8221;.vc_custom_1678389234630{margin-top: 30px !important;}&#8221;] Contact Us Daniel D&#8217;Amours:\u00a0daniel.damours@lesboisheritage.com Mireille Cl\u00e9roux:\u00a0mireille.cleroux@lesboisheritage.com Ren\u00e9 D&#8217;Amours:\u00a0rene.damours@lesboisheritage.com Samuel D&#8217;Amours:\u00a0samuel@lesboisheritage.com [\/vc_column_text][\/vc_column][vc_column width=&#8221;1\/2&#8243; css=&#8221;.vc_custom_1462381102984{padding-right: 10px !important;padding-left: 10px !important;}&#8221;][vc_column_text css=&#8221;.vc_custom_1679937849699{margin-top: 30px !important;}&#8221;] Opening hour Monday to Thursday 7:30 a.m. to 5 p.m. Friday from 7:30 a.m. to 3 p.m. [\/vc_column_text][\/vc_column][\/vc_row][vc_row css=&#8221;.vc_custom_1463994430217{margin-bottom: 30px !important;}&#8221; type=&#8221;grid&#8221;][vc_column width=&#8221;1\/2&#8243; css=&#8221;.vc_custom_1462381095114{padding-right: [&hellip;]","og_url":"https:\/\/www.lesboisheritage.com\/en\/contact-us\/","og_site_name":"Les bois H\u00e9ritage","article_publisher":"https:\/\/www.facebook.com\/profile.php?id=100057078505525&locale=fr_CA","article_modified_time":"2023-03-27T18:01:46+00:00","twitter_card":"summary_large_image","twitter_misc":{"Est. reading time":"2 minutes"},"schema":{"@context":"https:\/\/schema.org","@graph":[{"@type":"WebPage","@id":"https:\/\/www.lesboisheritage.com\/en\/contact-us\/","url":"https:\/\/www.lesboisheritage.com\/en\/contact-us\/","name":"CONTACT US - Les bois H\u00e9ritage","isPartOf":{"@id":"https:\/\/www.lesboisheritage.com\/en\/#website"},"datePublished":"2016-05-10T11:56:23+00:00","dateModified":"2023-03-27T18:01:46+00:00","breadcrumb":{"@id":"https:\/\/www.lesboisheritage.com\/en\/contact-us\/#breadcrumb"},"inLanguage":"en-US","potentialAction":[{"@type":"ReadAction","target":["https:\/\/www.lesboisheritage.com\/en\/contact-us\/"]}]},{"@type":"BreadcrumbList","@id":"https:\/\/www.lesboisheritage.com\/en\/contact-us\/#breadcrumb","itemListElement":[{"@type":"ListItem","position":1,"name":"Home","item":"https:\/\/www.lesboisheritage.com\/en\/home\/"},{"@type":"ListItem","position":2,"name":"CONTACT US"}]},{"@type":"WebSite","@id":"https:\/\/www.lesboisheritage.com\/en\/#website","url":"https:\/\/www.lesboisheritage.com\/en\/","name":"Les Bois H\u00e9ritage | Sp\u00e9cialiste de Prin Rouge, Lambris, Moulures et plancher de pin rustique","description":"Sp\u00e9cialiste du Pin","publisher":{"@id":"https:\/\/www.lesboisheritage.com\/en\/#organization"},"alternateName":"Red Pine Specialist","potentialAction":[{"@type":"SearchAction","target":{"@type":"EntryPoint","urlTemplate":"https:\/\/www.lesboisheritage.com\/en\/?s={search_term_string}"},"query-input":{"@type":"PropertyValueSpecification","valueRequired":true,"valueName":"search_term_string"}}],"inLanguage":"en-US"},{"@type":"Organization","@id":"https:\/\/www.lesboisheritage.com\/en\/#organization","name":"Les Bois H\u00e9ritage | Sp\u00e9cialiste de Prin Rouge, Lambris, Moulures et plancher de pin rustique","alternateName":"Les Bois H\u00e9ritage | Sp\u00e9cialiste de Prin Rouge, Lambris, Moulures et plancher de pin rustique","url":"https:\/\/www.lesboisheritage.com\/en\/","logo":{"@type":"ImageObject","inLanguage":"en-US","@id":"https:\/\/www.lesboisheritage.com\/en\/#\/schema\/logo\/image\/","url":"https:\/\/www.lesboisheritage.com\/wp-content\/uploads\/2014\/08\/Untitled-1-2.png","contentUrl":"https:\/\/www.lesboisheritage.com\/wp-content\/uploads\/2014\/08\/Untitled-1-2.png","width":228,"height":120,"caption":"Les Bois H\u00e9ritage | Sp\u00e9cialiste de Prin Rouge, Lambris, Moulures et plancher de pin rustique"},"image":{"@id":"https:\/\/www.lesboisheritage.com\/en\/#\/schema\/logo\/image\/"},"sameAs":["https:\/\/www.facebook.com\/profile.php?id=100057078505525&locale=fr_CA"]}]}},"_links":{"self":[{"href":"https:\/\/www.lesboisheritage.com\/en\/wp-json\/wp\/v2\/pages\/4024","targetHints":{"allow":["GET"]}}],"collection":[{"href":"https:\/\/www.lesboisheritage.com\/en\/wp-json\/wp\/v2\/pages"}],"about":[{"href":"https:\/\/www.lesboisheritage.com\/en\/wp-json\/wp\/v2\/types\/page"}],"author":[{"embeddable":true,"href":"https:\/\/www.lesboisheritage.com\/en\/wp-json\/wp\/v2\/users\/1"}],"replies":[{"embeddable":true,"href":"https:\/\/www.lesboisheritage.com\/en\/wp-json\/wp\/v2\/comments?post=4024"}],"version-history":[{"count":5,"href":"https:\/\/www.lesboisheritage.com\/en\/wp-json\/wp\/v2\/pages\/4024\/revisions"}],"predecessor-version":[{"id":4170,"href":"https:\/\/www.lesboisheritage.com\/en\/wp-json\/wp\/v2\/pages\/4024\/revisions\/4170"}],"wp:attachment":[{"href":"https:\/\/www.lesboisheritage.com\/en\/wp-json\/wp\/v2\/media?parent=4024"}],"curies":[{"name":"wp","href":"https:\/\/api.w.org\/{rel}","templated":true}]}}