{"id":4034,"date":"2023-02-27T14:40:40","date_gmt":"2023-02-27T14:40:40","guid":{"rendered":"https:\/\/lesboisheritage.dev2.inter-vision.ca\/quote-request\/"},"modified":"2023-03-09T19:24:12","modified_gmt":"2023-03-09T19:24:12","slug":"quote-request","status":"publish","type":"page","link":"https:\/\/www.lesboisheritage.com\/en\/quote-request\/","title":{"rendered":"QUOTE REQUEST"},"content":{"rendered":"<div class=\"wpb-content-wrapper\"><p>[vc_row full_width=&#8221;stretch_row&#8221; css=&#8221;.vc_custom_1677508798008{margin-bottom: 0px !important;background-image: url(https:\/\/www.lesboisheritage.com\/wp-content\/uploads\/2023\/02\/stairs.jpg?id=3783) !important;background-position: center !important;background-repeat: no-repeat !important;background-size: cover !important;}&#8221;][vc_column width=&#8221;1\/2&#8243;][\/vc_column][vc_column width=&#8221;1\/2&#8243; css=&#8221;.vc_custom_1486223056917{padding-left: 30px !important;}&#8221;]\r\n\r\r\n\r\r\n<div class=\"doors_empty_space\" data-heightmobile=\"40\" data-heighttablet=\"80\" data-heightdesktop=\"100\">\r\r\n\r\r\n<\/div>\r\r\n      \r\r\n\r\r\n\r\r\n\r\r\n        \r\r\n      \r\r\n    \t\t<div class=\"wd-heading  s-behind-t text-left\" >\r\n\t\t\t\r\n      <h2 style=\"margin:0;font-size:48px;line-height:54px;\" >\r\n\t\t\t\t\tQUOTE REQUEST\t\t\t\t<\/h2>\r\n\r\n\t\t\t\t\t\t<\/div>\r\n\r\n\t\t\r\n\r\r\n\r\r\n<div class=\"doors_empty_space\" data-heightmobile=\"20\" data-heighttablet=\"20\" data-heightdesktop=\"30\">\r\r\n\r\r\n<\/div>\r\r\n      \r\r\n\r\r\n\r\r\n\r\r\n        \r\r\n      \r\r\n    \n<div class=\"wpcf7 no-js\" id=\"wpcf7-f4032-o1\" lang=\"en-US\" dir=\"ltr\" data-wpcf7-id=\"4032\">\n<div class=\"screen-reader-response\"><p role=\"status\" aria-live=\"polite\" aria-atomic=\"true\"><\/p> <ul><\/ul><\/div>\n<form action=\"\/en\/wp-json\/wp\/v2\/pages\/4034#wpcf7-f4032-o1\" method=\"post\" class=\"wpcf7-form init\" aria-label=\"Contact form\" novalidate=\"novalidate\" data-status=\"init\">\n<fieldset class=\"hidden-fields-container\"><input type=\"hidden\" name=\"_wpcf7\" value=\"4032\" \/><input type=\"hidden\" name=\"_wpcf7_version\" value=\"6.1.5\" \/><input type=\"hidden\" name=\"_wpcf7_locale\" value=\"en_US\" \/><input type=\"hidden\" name=\"_wpcf7_unit_tag\" value=\"wpcf7-f4032-o1\" \/><input type=\"hidden\" name=\"_wpcf7_container_post\" value=\"0\" \/><input type=\"hidden\" name=\"_wpcf7_posted_data_hash\" value=\"\" \/>\n<\/fieldset>\n<div class=\"row\">\n\t<div class=\"large-6 columns\">\n\t\t<p><span class=\"wpcf7-form-control-wrap\" data-name=\"your-name\"><input size=\"40\" maxlength=\"400\" class=\"wpcf7-form-control wpcf7-text wpcf7-validates-as-required\" aria-required=\"true\" aria-invalid=\"false\" placeholder=\"Name\" value=\"\" type=\"text\" name=\"your-name\" \/><\/span>\n\t\t<\/p>\n\t<\/div>\n\t<div class=\"large-6 columns\">\n\t\t<p><span class=\"wpcf7-form-control-wrap\" data-name=\"Last-Name\"><input size=\"40\" maxlength=\"400\" class=\"wpcf7-form-control wpcf7-text wpcf7-validates-as-required\" aria-required=\"true\" aria-invalid=\"false\" placeholder=\"Last Name\" value=\"\" type=\"text\" name=\"Last-Name\" \/><\/span>\n\t\t<\/p>\n\t<\/div>\n\t<div class=\"large-6 columns\">\n\t\t<p><span class=\"wpcf7-form-control-wrap\" data-name=\"your-email\"><input size=\"40\" maxlength=\"400\" class=\"wpcf7-form-control wpcf7-email wpcf7-validates-as-required wpcf7-text wpcf7-validates-as-email\" aria-required=\"true\" aria-invalid=\"false\" placeholder=\"Email\" value=\"\" type=\"email\" name=\"your-email\" \/><\/span>\n\t\t<\/p>\n\t<\/div>\n\t<div class=\"large-6 columns\">\n\t\t<p><span class=\"wpcf7-form-control-wrap\" data-name=\"Phone-Number\"><input size=\"40\" maxlength=\"400\" class=\"wpcf7-form-control wpcf7-text wpcf7-validates-as-required\" aria-required=\"true\" aria-invalid=\"false\" placeholder=\"Phone\" value=\"\" type=\"text\" name=\"Phone-Number\" \/><\/span>\n\t\t<\/p>\n\t<\/div>\n<\/div>\n<p><span class=\"wpcf7-form-control-wrap\" data-name=\"your-message\"><textarea cols=\"40\" rows=\"5\" maxlength=\"2000\" class=\"wpcf7-form-control wpcf7-textarea\" aria-invalid=\"false\" placeholder=\"Message\" name=\"your-message\"><\/textarea><\/span><br \/>\n<input class=\"wpcf7-form-control wpcf7-submit has-spinner\" type=\"submit\" value=\"Send\" \/>\n<\/p><div class=\"wpcf7-response-output\" aria-hidden=\"true\"><\/div>\n<\/form>\n<\/div>\n\r\n\r\r\n\r\r\n<div class=\"doors_empty_space\" data-heightmobile=\"40\" data-heighttablet=\"80\" data-heightdesktop=\"100\">\r\r\n\r\r\n<\/div>\r\r\n      \r\r\n\r\r\n\r\r\n\r\r\n        \r\r\n      \r\r\n    [\/vc_column][\/vc_row]<\/p>\n<\/div>","protected":false},"excerpt":{"rendered":"<p>[vc_row full_width=&#8221;stretch_row&#8221; css=&#8221;.vc_custom_1677508798008{margin-bottom: 0px !important;background-image: url(https:\/\/www.lesboisheritage.com\/wp-content\/uploads\/2023\/02\/stairs.jpg?id=3783) !important;background-position: center !important;background-repeat: no-repeat !important;background-size: cover !important;}&#8221;][vc_column width=&#8221;1\/2&#8243;][\/vc_column][vc_column width=&#8221;1\/2&#8243; css=&#8221;.vc_custom_1486223056917{padding-left: 30px !important;}&#8221;][\/vc_column][\/vc_row]<\/p>\n","protected":false},"author":1,"featured_media":0,"parent":0,"menu_order":0,"comment_status":"closed","ping_status":"closed","template":"","meta":{"footnotes":""},"class_list":["post-4034","page","type-page","status-publish","hentry"],"yoast_head":"<!-- This site is optimized with the Yoast SEO plugin v27.4 - https:\/\/yoast.com\/product\/yoast-seo-wordpress\/ -->\n<title>QUOTE REQUEST - Les bois H\u00e9ritage<\/title>\n<meta name=\"robots\" content=\"index, follow, max-snippet:-1, max-image-preview:large, max-video-preview:-1\" \/>\n<link rel=\"canonical\" href=\"https:\/\/www.lesboisheritage.com\/en\/quote-request\/\" \/>\n<meta property=\"og:locale\" content=\"en_US\" \/>\n<meta property=\"og:type\" content=\"article\" \/>\n<meta property=\"og:title\" content=\"QUOTE REQUEST - Les bois H\u00e9ritage\" \/>\n<meta property=\"og:description\" content=\"[vc_row full_width=&#8221;stretch_row&#8221; css=&#8221;.vc_custom_1677508798008{margin-bottom: 0px !important;background-image: url(https:\/\/www.lesboisheritage.com\/wp-content\/uploads\/2023\/02\/stairs.jpg?id=3783) !important;background-position: center !important;background-repeat: no-repeat !important;background-size: cover !important;}&#8221;][vc_column width=&#8221;1\/2&#8243;][\/vc_column][vc_column width=&#8221;1\/2&#8243; css=&#8221;.vc_custom_1486223056917{padding-left: 30px !important;}&#8221;][\/vc_column][\/vc_row]\" \/>\n<meta property=\"og:url\" content=\"https:\/\/www.lesboisheritage.com\/en\/quote-request\/\" \/>\n<meta property=\"og:site_name\" content=\"Les bois H\u00e9ritage\" \/>\n<meta property=\"article:publisher\" content=\"https:\/\/www.facebook.com\/profile.php?id=100057078505525&amp;locale=fr_CA\" \/>\n<meta property=\"article:modified_time\" content=\"2023-03-09T19:24:12+00:00\" \/>\n<meta name=\"twitter:card\" content=\"summary_large_image\" \/>\n<meta name=\"twitter:label1\" content=\"Est. reading time\" \/>\n\t<meta name=\"twitter:data1\" content=\"1 minute\" \/>\n<script type=\"application\/ld+json\" class=\"yoast-schema-graph\">{\"@context\":\"https:\\\/\\\/schema.org\",\"@graph\":[{\"@type\":\"WebPage\",\"@id\":\"https:\\\/\\\/www.lesboisheritage.com\\\/en\\\/quote-request\\\/\",\"url\":\"https:\\\/\\\/www.lesboisheritage.com\\\/en\\\/quote-request\\\/\",\"name\":\"QUOTE REQUEST - Les bois H\u00e9ritage\",\"isPartOf\":{\"@id\":\"https:\\\/\\\/www.lesboisheritage.com\\\/en\\\/#website\"},\"datePublished\":\"2023-02-27T14:40:40+00:00\",\"dateModified\":\"2023-03-09T19:24:12+00:00\",\"breadcrumb\":{\"@id\":\"https:\\\/\\\/www.lesboisheritage.com\\\/en\\\/quote-request\\\/#breadcrumb\"},\"inLanguage\":\"en-US\",\"potentialAction\":[{\"@type\":\"ReadAction\",\"target\":[\"https:\\\/\\\/www.lesboisheritage.com\\\/en\\\/quote-request\\\/\"]}]},{\"@type\":\"BreadcrumbList\",\"@id\":\"https:\\\/\\\/www.lesboisheritage.com\\\/en\\\/quote-request\\\/#breadcrumb\",\"itemListElement\":[{\"@type\":\"ListItem\",\"position\":1,\"name\":\"Home\",\"item\":\"https:\\\/\\\/www.lesboisheritage.com\\\/en\\\/home\\\/\"},{\"@type\":\"ListItem\",\"position\":2,\"name\":\"QUOTE REQUEST\"}]},{\"@type\":\"WebSite\",\"@id\":\"https:\\\/\\\/www.lesboisheritage.com\\\/en\\\/#website\",\"url\":\"https:\\\/\\\/www.lesboisheritage.com\\\/en\\\/\",\"name\":\"Les Bois H\u00e9ritage | Sp\u00e9cialiste de Prin Rouge, Lambris, Moulures et plancher de pin rustique\",\"description\":\"Sp\u00e9cialiste du Pin\",\"publisher\":{\"@id\":\"https:\\\/\\\/www.lesboisheritage.com\\\/en\\\/#organization\"},\"alternateName\":\"Red Pine Specialist\",\"potentialAction\":[{\"@type\":\"SearchAction\",\"target\":{\"@type\":\"EntryPoint\",\"urlTemplate\":\"https:\\\/\\\/www.lesboisheritage.com\\\/en\\\/?s={search_term_string}\"},\"query-input\":{\"@type\":\"PropertyValueSpecification\",\"valueRequired\":true,\"valueName\":\"search_term_string\"}}],\"inLanguage\":\"en-US\"},{\"@type\":\"Organization\",\"@id\":\"https:\\\/\\\/www.lesboisheritage.com\\\/en\\\/#organization\",\"name\":\"Les Bois H\u00e9ritage | Sp\u00e9cialiste de Prin Rouge, Lambris, Moulures et plancher de pin rustique\",\"alternateName\":\"Les Bois H\u00e9ritage | Sp\u00e9cialiste de Prin Rouge, Lambris, Moulures et plancher de pin rustique\",\"url\":\"https:\\\/\\\/www.lesboisheritage.com\\\/en\\\/\",\"logo\":{\"@type\":\"ImageObject\",\"inLanguage\":\"en-US\",\"@id\":\"https:\\\/\\\/www.lesboisheritage.com\\\/en\\\/#\\\/schema\\\/logo\\\/image\\\/\",\"url\":\"https:\\\/\\\/www.lesboisheritage.com\\\/wp-content\\\/uploads\\\/2014\\\/08\\\/Untitled-1-2.png\",\"contentUrl\":\"https:\\\/\\\/www.lesboisheritage.com\\\/wp-content\\\/uploads\\\/2014\\\/08\\\/Untitled-1-2.png\",\"width\":228,\"height\":120,\"caption\":\"Les Bois H\u00e9ritage | Sp\u00e9cialiste de Prin Rouge, Lambris, Moulures et plancher de pin rustique\"},\"image\":{\"@id\":\"https:\\\/\\\/www.lesboisheritage.com\\\/en\\\/#\\\/schema\\\/logo\\\/image\\\/\"},\"sameAs\":[\"https:\\\/\\\/www.facebook.com\\\/profile.php?id=100057078505525&locale=fr_CA\"]}]}<\/script>\n<!-- \/ Yoast SEO plugin. -->","yoast_head_json":{"title":"QUOTE REQUEST - Les bois H\u00e9ritage","robots":{"index":"index","follow":"follow","max-snippet":"max-snippet:-1","max-image-preview":"max-image-preview:large","max-video-preview":"max-video-preview:-1"},"canonical":"https:\/\/www.lesboisheritage.com\/en\/quote-request\/","og_locale":"en_US","og_type":"article","og_title":"QUOTE REQUEST - Les bois H\u00e9ritage","og_description":"[vc_row full_width=&#8221;stretch_row&#8221; css=&#8221;.vc_custom_1677508798008{margin-bottom: 0px !important;background-image: url(https:\/\/www.lesboisheritage.com\/wp-content\/uploads\/2023\/02\/stairs.jpg?id=3783) !important;background-position: center !important;background-repeat: no-repeat !important;background-size: cover !important;}&#8221;][vc_column width=&#8221;1\/2&#8243;][\/vc_column][vc_column width=&#8221;1\/2&#8243; css=&#8221;.vc_custom_1486223056917{padding-left: 30px !important;}&#8221;][\/vc_column][\/vc_row]","og_url":"https:\/\/www.lesboisheritage.com\/en\/quote-request\/","og_site_name":"Les bois H\u00e9ritage","article_publisher":"https:\/\/www.facebook.com\/profile.php?id=100057078505525&locale=fr_CA","article_modified_time":"2023-03-09T19:24:12+00:00","twitter_card":"summary_large_image","twitter_misc":{"Est. reading time":"1 minute"},"schema":{"@context":"https:\/\/schema.org","@graph":[{"@type":"WebPage","@id":"https:\/\/www.lesboisheritage.com\/en\/quote-request\/","url":"https:\/\/www.lesboisheritage.com\/en\/quote-request\/","name":"QUOTE REQUEST - Les bois H\u00e9ritage","isPartOf":{"@id":"https:\/\/www.lesboisheritage.com\/en\/#website"},"datePublished":"2023-02-27T14:40:40+00:00","dateModified":"2023-03-09T19:24:12+00:00","breadcrumb":{"@id":"https:\/\/www.lesboisheritage.com\/en\/quote-request\/#breadcrumb"},"inLanguage":"en-US","potentialAction":[{"@type":"ReadAction","target":["https:\/\/www.lesboisheritage.com\/en\/quote-request\/"]}]},{"@type":"BreadcrumbList","@id":"https:\/\/www.lesboisheritage.com\/en\/quote-request\/#breadcrumb","itemListElement":[{"@type":"ListItem","position":1,"name":"Home","item":"https:\/\/www.lesboisheritage.com\/en\/home\/"},{"@type":"ListItem","position":2,"name":"QUOTE REQUEST"}]},{"@type":"WebSite","@id":"https:\/\/www.lesboisheritage.com\/en\/#website","url":"https:\/\/www.lesboisheritage.com\/en\/","name":"Les Bois H\u00e9ritage | Sp\u00e9cialiste de Prin Rouge, Lambris, Moulures et plancher de pin rustique","description":"Sp\u00e9cialiste du Pin","publisher":{"@id":"https:\/\/www.lesboisheritage.com\/en\/#organization"},"alternateName":"Red Pine Specialist","potentialAction":[{"@type":"SearchAction","target":{"@type":"EntryPoint","urlTemplate":"https:\/\/www.lesboisheritage.com\/en\/?s={search_term_string}"},"query-input":{"@type":"PropertyValueSpecification","valueRequired":true,"valueName":"search_term_string"}}],"inLanguage":"en-US"},{"@type":"Organization","@id":"https:\/\/www.lesboisheritage.com\/en\/#organization","name":"Les Bois H\u00e9ritage | Sp\u00e9cialiste de Prin Rouge, Lambris, Moulures et plancher de pin rustique","alternateName":"Les Bois H\u00e9ritage | Sp\u00e9cialiste de Prin Rouge, Lambris, Moulures et plancher de pin rustique","url":"https:\/\/www.lesboisheritage.com\/en\/","logo":{"@type":"ImageObject","inLanguage":"en-US","@id":"https:\/\/www.lesboisheritage.com\/en\/#\/schema\/logo\/image\/","url":"https:\/\/www.lesboisheritage.com\/wp-content\/uploads\/2014\/08\/Untitled-1-2.png","contentUrl":"https:\/\/www.lesboisheritage.com\/wp-content\/uploads\/2014\/08\/Untitled-1-2.png","width":228,"height":120,"caption":"Les Bois H\u00e9ritage | Sp\u00e9cialiste de Prin Rouge, Lambris, Moulures et plancher de pin rustique"},"image":{"@id":"https:\/\/www.lesboisheritage.com\/en\/#\/schema\/logo\/image\/"},"sameAs":["https:\/\/www.facebook.com\/profile.php?id=100057078505525&locale=fr_CA"]}]}},"_links":{"self":[{"href":"https:\/\/www.lesboisheritage.com\/en\/wp-json\/wp\/v2\/pages\/4034","targetHints":{"allow":["GET"]}}],"collection":[{"href":"https:\/\/www.lesboisheritage.com\/en\/wp-json\/wp\/v2\/pages"}],"about":[{"href":"https:\/\/www.lesboisheritage.com\/en\/wp-json\/wp\/v2\/types\/page"}],"author":[{"embeddable":true,"href":"https:\/\/www.lesboisheritage.com\/en\/wp-json\/wp\/v2\/users\/1"}],"replies":[{"embeddable":true,"href":"https:\/\/www.lesboisheritage.com\/en\/wp-json\/wp\/v2\/comments?post=4034"}],"version-history":[{"count":2,"href":"https:\/\/www.lesboisheritage.com\/en\/wp-json\/wp\/v2\/pages\/4034\/revisions"}],"predecessor-version":[{"id":4036,"href":"https:\/\/www.lesboisheritage.com\/en\/wp-json\/wp\/v2\/pages\/4034\/revisions\/4036"}],"wp:attachment":[{"href":"https:\/\/www.lesboisheritage.com\/en\/wp-json\/wp\/v2\/media?parent=4034"}],"curies":[{"name":"wp","href":"https:\/\/api.w.org\/{rel}","templated":true}]}}