{"id":4363,"date":"2023-10-31T17:16:09","date_gmt":"2023-10-31T17:16:09","guid":{"rendered":"https:\/\/www.lesboisheritage.com\/choix-de-couleurs\/"},"modified":"2023-11-01T13:04:39","modified_gmt":"2023-11-01T13:04:39","slug":"choice-of-colors","status":"publish","type":"page","link":"https:\/\/www.lesboisheritage.com\/en\/choice-of-colors\/","title":{"rendered":"Choice of colors"},"content":{"rendered":"<div class=\"wpb-content-wrapper\"><p>[vc_row][vc_column]\t\t<div class=\"wd-heading  text-left text-left\" >\r\n\t\t\t\r\n      \r\n      <h3 style=\"margin:0;\" >\r\n\t\t\t\t\tChoice of colors\t\t\t\t<\/h3>\r\n\r\n        <div style='margin-top: 15px;'><\/div>      \r\n      \r\n      \r\n    \t\t<\/div>\r\n\r\n\t\t[vc_column_text]<\/p>\n<p style=\"font-weight: 400;\">To optimize on-site staining, we always brush or rusticate the wood before staining. This process produces a more uniform result.<\/p>\n<p style=\"font-weight: 400;\">The photos on this site are examples of the colors we&#8217;ve produced.\u00a0 Come and meet us with your project so we can look at your options.<\/p>\n<p style=\"font-weight: 400;\">Staining is available for 0.95 per square foot. It includes brushing (rustication) and a coat of stain.<\/p>\n<p style=\"font-weight: 400;\">Ideally, you install the wood and varnish it on site. This hardens and seals the wood.<\/p>\n<p>[\/vc_column_text][vc_row_inner][vc_column_inner width=&#8221;1\/2&#8243;]\t\t<div class=\"wd-heading   text-center\" >\r\n\t\t\t\r\n      \r\n      <h4 style=\"margin:0;\" >\r\n\t\t\t\t\tLegault color\t\t\t\t<\/h4>\r\n\r\n        <div style='margin-top: 10px;'><\/div>      \r\n      \r\n      \r\n    \t\t<\/div>\r\n\r\n\t\t[vc_single_image image=&#8221;4352&#8243; img_size=&#8221;full&#8221; alignment=&#8221;center&#8221;][\/vc_column_inner][vc_column_inner width=&#8221;1\/2&#8243;]\t\t<div class=\"wd-heading   text-center\" >\r\n\t\t\t\r\n      \r\n      <h4 style=\"margin:0;\" >\r\n\t\t\t\t\tMushroom Color\t\t\t\t<\/h4>\r\n\r\n        <div style='margin-top: 10px;'><\/div>      \r\n      \r\n      \r\n    \t\t<\/div>\r\n\r\n\t\t[vc_single_image image=&#8221;4348&#8243; img_size=&#8221;full&#8221; alignment=&#8221;center&#8221;][\/vc_column_inner][\/vc_row_inner][vc_row_inner][vc_column_inner width=&#8221;1\/2&#8243;]\t\t<div class=\"wd-heading   text-center\" >\r\n\t\t\t\r\n      \r\n      <h4 style=\"margin:0;\" >\r\n\t\t\t\t\tDiluted dark oak color\t\t\t\t<\/h4>\r\n\r\n        <div style='margin-top: 10px;'><\/div>      \r\n      \r\n      \r\n    \t\t<\/div>\r\n\r\n\t\t[vc_single_image image=&#8221;4350&#8243; img_size=&#8221;full&#8221; alignment=&#8221;center&#8221;][\/vc_column_inner][vc_column_inner width=&#8221;1\/2&#8243;]\t\t<div class=\"wd-heading   text-center\" >\r\n\t\t\t\r\n      \r\n      <h4 style=\"margin:0;\" >\r\n\t\t\t\t\tBlack coffee color\t\t\t\t<\/h4>\r\n\r\n        <div style='margin-top: 10px;'><\/div>      \r\n      \r\n      \r\n    \t\t<\/div>\r\n\r\n\t\t[vc_single_image image=&#8221;4361&#8243; img_size=&#8221;full&#8221; alignment=&#8221;center&#8221;][\/vc_column_inner][\/vc_row_inner][\/vc_column][\/vc_row][vc_row][vc_column offset=&#8221;vc_hidden-lg vc_hidden-md vc_hidden-sm vc_hidden-xs&#8221;][vc_tta_accordion][vc_tta_section title=&#8221;How I can contact you?&#8221; tab_id=&#8221;1463410758631-13de9355-87eed71e-deba&#8221;][vc_column_text]Lorem ipsum dolor sit amet, facilisi sententiae delicatissimi et vix, suscipit splendide constituto ex eum. Ullum repudiandae vix no. Pri et ludus animal, voluptua urbanitas persequeris has cu, ut per solum explicari. Ei per placerat persequeris, sit te everti mentitum offendit, nec ei duis gloriatur. Eu explicari hendrerit concludaturque nec.[\/vc_column_text][\/vc_tta_section][vc_tta_section title=&#8221;How I can get the list of your products?&#8221; tab_id=&#8221;1463410804250-3be69663-44bad71e-deba&#8221;][vc_column_text]An quo homero tamquam scripserit, usu elaboraret percipitur delicatissimi et, eirmod detracto nam te. Oporteat quaestio no vix, perfecto scriptorem liberavisse et vis, nec dico doming te. Vel ex idque denique complectitur. Modo viderer accommodare eu ius. Numquam percipit apeirian usu ei.[\/vc_column_text][\/vc_tta_section][vc_tta_section title=&#8221;Who are your industrial partners?&#8221; tab_id=&#8221;1463410802349-52275769-1e07d71e-deba&#8221;][vc_column_text]No duo nostrud postulant conclusionemque, an graeco fierent omittam cum, eu mei inimicus tractatos. Zril nostrud aliquando est cu. Agam sonet disputando sea cu, consul noster civibus an eum. Pri te iudicabit neglegentur. Te meliore intellegebat qui. Deserunt petentium et sea.[\/vc_column_text][\/vc_tta_section][\/vc_tta_accordion][\/vc_column][\/vc_row]<\/p>\n<\/div>","protected":false},"excerpt":{"rendered":"<p>[vc_row][vc_column][vc_column_text] To optimize on-site staining, we always brush or rusticate the wood before staining. This process produces a more uniform result. The photos on this site are examples of the colors we&#8217;ve produced.\u00a0 Come and meet us with your project so we can look at your options. Staining is available for 0.95 per square foot. [&hellip;]<\/p>\n","protected":false},"author":1,"featured_media":0,"parent":0,"menu_order":0,"comment_status":"closed","ping_status":"closed","template":"page-template\/left-sidebar.php","meta":{"footnotes":""},"class_list":["post-4363","page","type-page","status-publish","hentry"],"yoast_head":"<!-- This site is optimized with the Yoast SEO plugin v27.4 - https:\/\/yoast.com\/product\/yoast-seo-wordpress\/ -->\n<title>Choice of colors - Les bois H\u00e9ritage<\/title>\n<meta name=\"robots\" content=\"index, follow, max-snippet:-1, max-image-preview:large, max-video-preview:-1\" \/>\n<link rel=\"canonical\" href=\"https:\/\/www.lesboisheritage.com\/en\/choice-of-colors\/\" \/>\n<meta property=\"og:locale\" content=\"en_US\" \/>\n<meta property=\"og:type\" content=\"article\" \/>\n<meta property=\"og:title\" content=\"Choice of colors - Les bois H\u00e9ritage\" \/>\n<meta property=\"og:description\" content=\"[vc_row][vc_column][vc_column_text] To optimize on-site staining, we always brush or rusticate the wood before staining. This process produces a more uniform result. The photos on this site are examples of the colors we&#8217;ve produced.\u00a0 Come and meet us with your project so we can look at your options. Staining is available for 0.95 per square foot. [&hellip;]\" \/>\n<meta property=\"og:url\" content=\"https:\/\/www.lesboisheritage.com\/en\/choice-of-colors\/\" \/>\n<meta property=\"og:site_name\" content=\"Les bois H\u00e9ritage\" \/>\n<meta property=\"article:publisher\" content=\"https:\/\/www.facebook.com\/profile.php?id=100057078505525&amp;locale=fr_CA\" \/>\n<meta property=\"article:modified_time\" content=\"2023-11-01T13:04:39+00:00\" \/>\n<meta name=\"twitter:card\" content=\"summary_large_image\" \/>\n<meta name=\"twitter:label1\" content=\"Est. reading time\" \/>\n\t<meta name=\"twitter:data1\" content=\"2 minutes\" \/>\n<script type=\"application\/ld+json\" class=\"yoast-schema-graph\">{\"@context\":\"https:\\\/\\\/schema.org\",\"@graph\":[{\"@type\":\"WebPage\",\"@id\":\"https:\\\/\\\/www.lesboisheritage.com\\\/en\\\/choice-of-colors\\\/\",\"url\":\"https:\\\/\\\/www.lesboisheritage.com\\\/en\\\/choice-of-colors\\\/\",\"name\":\"Choice of colors - Les bois H\u00e9ritage\",\"isPartOf\":{\"@id\":\"https:\\\/\\\/www.lesboisheritage.com\\\/en\\\/#website\"},\"datePublished\":\"2023-10-31T17:16:09+00:00\",\"dateModified\":\"2023-11-01T13:04:39+00:00\",\"breadcrumb\":{\"@id\":\"https:\\\/\\\/www.lesboisheritage.com\\\/en\\\/choice-of-colors\\\/#breadcrumb\"},\"inLanguage\":\"en-US\",\"potentialAction\":[{\"@type\":\"ReadAction\",\"target\":[\"https:\\\/\\\/www.lesboisheritage.com\\\/en\\\/choice-of-colors\\\/\"]}]},{\"@type\":\"BreadcrumbList\",\"@id\":\"https:\\\/\\\/www.lesboisheritage.com\\\/en\\\/choice-of-colors\\\/#breadcrumb\",\"itemListElement\":[{\"@type\":\"ListItem\",\"position\":1,\"name\":\"Home\",\"item\":\"https:\\\/\\\/www.lesboisheritage.com\\\/en\\\/home\\\/\"},{\"@type\":\"ListItem\",\"position\":2,\"name\":\"Choice of colors\"}]},{\"@type\":\"WebSite\",\"@id\":\"https:\\\/\\\/www.lesboisheritage.com\\\/en\\\/#website\",\"url\":\"https:\\\/\\\/www.lesboisheritage.com\\\/en\\\/\",\"name\":\"Les Bois H\u00e9ritage | Sp\u00e9cialiste de Prin Rouge, Lambris, Moulures et plancher de pin rustique\",\"description\":\"Sp\u00e9cialiste du Pin\",\"publisher\":{\"@id\":\"https:\\\/\\\/www.lesboisheritage.com\\\/en\\\/#organization\"},\"alternateName\":\"Red Pine Specialist\",\"potentialAction\":[{\"@type\":\"SearchAction\",\"target\":{\"@type\":\"EntryPoint\",\"urlTemplate\":\"https:\\\/\\\/www.lesboisheritage.com\\\/en\\\/?s={search_term_string}\"},\"query-input\":{\"@type\":\"PropertyValueSpecification\",\"valueRequired\":true,\"valueName\":\"search_term_string\"}}],\"inLanguage\":\"en-US\"},{\"@type\":\"Organization\",\"@id\":\"https:\\\/\\\/www.lesboisheritage.com\\\/en\\\/#organization\",\"name\":\"Les Bois H\u00e9ritage | Sp\u00e9cialiste de Prin Rouge, Lambris, Moulures et plancher de pin rustique\",\"alternateName\":\"Les Bois H\u00e9ritage | Sp\u00e9cialiste de Prin Rouge, Lambris, Moulures et plancher de pin rustique\",\"url\":\"https:\\\/\\\/www.lesboisheritage.com\\\/en\\\/\",\"logo\":{\"@type\":\"ImageObject\",\"inLanguage\":\"en-US\",\"@id\":\"https:\\\/\\\/www.lesboisheritage.com\\\/en\\\/#\\\/schema\\\/logo\\\/image\\\/\",\"url\":\"https:\\\/\\\/www.lesboisheritage.com\\\/wp-content\\\/uploads\\\/2014\\\/08\\\/Untitled-1-2.png\",\"contentUrl\":\"https:\\\/\\\/www.lesboisheritage.com\\\/wp-content\\\/uploads\\\/2014\\\/08\\\/Untitled-1-2.png\",\"width\":228,\"height\":120,\"caption\":\"Les Bois H\u00e9ritage | Sp\u00e9cialiste de Prin Rouge, Lambris, Moulures et plancher de pin rustique\"},\"image\":{\"@id\":\"https:\\\/\\\/www.lesboisheritage.com\\\/en\\\/#\\\/schema\\\/logo\\\/image\\\/\"},\"sameAs\":[\"https:\\\/\\\/www.facebook.com\\\/profile.php?id=100057078505525&locale=fr_CA\"]}]}<\/script>\n<!-- \/ Yoast SEO plugin. -->","yoast_head_json":{"title":"Choice of colors - Les bois H\u00e9ritage","robots":{"index":"index","follow":"follow","max-snippet":"max-snippet:-1","max-image-preview":"max-image-preview:large","max-video-preview":"max-video-preview:-1"},"canonical":"https:\/\/www.lesboisheritage.com\/en\/choice-of-colors\/","og_locale":"en_US","og_type":"article","og_title":"Choice of colors - Les bois H\u00e9ritage","og_description":"[vc_row][vc_column][vc_column_text] To optimize on-site staining, we always brush or rusticate the wood before staining. This process produces a more uniform result. The photos on this site are examples of the colors we&#8217;ve produced.\u00a0 Come and meet us with your project so we can look at your options. Staining is available for 0.95 per square foot. [&hellip;]","og_url":"https:\/\/www.lesboisheritage.com\/en\/choice-of-colors\/","og_site_name":"Les bois H\u00e9ritage","article_publisher":"https:\/\/www.facebook.com\/profile.php?id=100057078505525&locale=fr_CA","article_modified_time":"2023-11-01T13:04:39+00:00","twitter_card":"summary_large_image","twitter_misc":{"Est. reading time":"2 minutes"},"schema":{"@context":"https:\/\/schema.org","@graph":[{"@type":"WebPage","@id":"https:\/\/www.lesboisheritage.com\/en\/choice-of-colors\/","url":"https:\/\/www.lesboisheritage.com\/en\/choice-of-colors\/","name":"Choice of colors - Les bois H\u00e9ritage","isPartOf":{"@id":"https:\/\/www.lesboisheritage.com\/en\/#website"},"datePublished":"2023-10-31T17:16:09+00:00","dateModified":"2023-11-01T13:04:39+00:00","breadcrumb":{"@id":"https:\/\/www.lesboisheritage.com\/en\/choice-of-colors\/#breadcrumb"},"inLanguage":"en-US","potentialAction":[{"@type":"ReadAction","target":["https:\/\/www.lesboisheritage.com\/en\/choice-of-colors\/"]}]},{"@type":"BreadcrumbList","@id":"https:\/\/www.lesboisheritage.com\/en\/choice-of-colors\/#breadcrumb","itemListElement":[{"@type":"ListItem","position":1,"name":"Home","item":"https:\/\/www.lesboisheritage.com\/en\/home\/"},{"@type":"ListItem","position":2,"name":"Choice of colors"}]},{"@type":"WebSite","@id":"https:\/\/www.lesboisheritage.com\/en\/#website","url":"https:\/\/www.lesboisheritage.com\/en\/","name":"Les Bois H\u00e9ritage | Sp\u00e9cialiste de Prin Rouge, Lambris, Moulures et plancher de pin rustique","description":"Sp\u00e9cialiste du Pin","publisher":{"@id":"https:\/\/www.lesboisheritage.com\/en\/#organization"},"alternateName":"Red Pine Specialist","potentialAction":[{"@type":"SearchAction","target":{"@type":"EntryPoint","urlTemplate":"https:\/\/www.lesboisheritage.com\/en\/?s={search_term_string}"},"query-input":{"@type":"PropertyValueSpecification","valueRequired":true,"valueName":"search_term_string"}}],"inLanguage":"en-US"},{"@type":"Organization","@id":"https:\/\/www.lesboisheritage.com\/en\/#organization","name":"Les Bois H\u00e9ritage | Sp\u00e9cialiste de Prin Rouge, Lambris, Moulures et plancher de pin rustique","alternateName":"Les Bois H\u00e9ritage | Sp\u00e9cialiste de Prin Rouge, Lambris, Moulures et plancher de pin rustique","url":"https:\/\/www.lesboisheritage.com\/en\/","logo":{"@type":"ImageObject","inLanguage":"en-US","@id":"https:\/\/www.lesboisheritage.com\/en\/#\/schema\/logo\/image\/","url":"https:\/\/www.lesboisheritage.com\/wp-content\/uploads\/2014\/08\/Untitled-1-2.png","contentUrl":"https:\/\/www.lesboisheritage.com\/wp-content\/uploads\/2014\/08\/Untitled-1-2.png","width":228,"height":120,"caption":"Les Bois H\u00e9ritage | Sp\u00e9cialiste de Prin Rouge, Lambris, Moulures et plancher de pin rustique"},"image":{"@id":"https:\/\/www.lesboisheritage.com\/en\/#\/schema\/logo\/image\/"},"sameAs":["https:\/\/www.facebook.com\/profile.php?id=100057078505525&locale=fr_CA"]}]}},"_links":{"self":[{"href":"https:\/\/www.lesboisheritage.com\/en\/wp-json\/wp\/v2\/pages\/4363","targetHints":{"allow":["GET"]}}],"collection":[{"href":"https:\/\/www.lesboisheritage.com\/en\/wp-json\/wp\/v2\/pages"}],"about":[{"href":"https:\/\/www.lesboisheritage.com\/en\/wp-json\/wp\/v2\/types\/page"}],"author":[{"embeddable":true,"href":"https:\/\/www.lesboisheritage.com\/en\/wp-json\/wp\/v2\/users\/1"}],"replies":[{"embeddable":true,"href":"https:\/\/www.lesboisheritage.com\/en\/wp-json\/wp\/v2\/comments?post=4363"}],"version-history":[{"count":5,"href":"https:\/\/www.lesboisheritage.com\/en\/wp-json\/wp\/v2\/pages\/4363\/revisions"}],"predecessor-version":[{"id":4373,"href":"https:\/\/www.lesboisheritage.com\/en\/wp-json\/wp\/v2\/pages\/4363\/revisions\/4373"}],"wp:attachment":[{"href":"https:\/\/www.lesboisheritage.com\/en\/wp-json\/wp\/v2\/media?parent=4363"}],"curies":[{"name":"wp","href":"https:\/\/api.w.org\/{rel}","templated":true}]}}